{"id":892,"date":"2025-10-10T11:22:09","date_gmt":"2025-10-10T11:22:09","guid":{"rendered":"https:\/\/richmondclinicbrussels.be\/?page_id=892"},"modified":"2025-10-18T22:05:16","modified_gmt":"2025-10-18T22:05:16","slug":"sqt-biomicroneedling","status":"publish","type":"page","link":"https:\/\/richmondclinicbrussels.be\/fr\/behandelingen\/sqt-biomicroneedling\/","title":{"rendered":"SQT Biomicroneedling"},"content":{"rendered":"<div data-elementor-type=\"wp-page\" data-elementor-id=\"892\" class=\"elementor elementor-892\" data-elementor-settings=\"{&quot;element_pack_global_tooltip_width&quot;:{&quot;unit&quot;:&quot;px&quot;,&quot;size&quot;:&quot;&quot;,&quot;sizes&quot;:[]},&quot;element_pack_global_tooltip_width_tablet&quot;:{&quot;unit&quot;:&quot;px&quot;,&quot;size&quot;:&quot;&quot;,&quot;sizes&quot;:[]},&quot;element_pack_global_tooltip_width_mobile&quot;:{&quot;unit&quot;:&quot;px&quot;,&quot;size&quot;:&quot;&quot;,&quot;sizes&quot;:[]},&quot;element_pack_global_tooltip_padding&quot;:{&quot;unit&quot;:&quot;px&quot;,&quot;top&quot;:&quot;&quot;,&quot;right&quot;:&quot;&quot;,&quot;bottom&quot;:&quot;&quot;,&quot;left&quot;:&quot;&quot;,&quot;isLinked&quot;:true},&quot;element_pack_global_tooltip_padding_tablet&quot;:{&quot;unit&quot;:&quot;px&quot;,&quot;top&quot;:&quot;&quot;,&quot;right&quot;:&quot;&quot;,&quot;bottom&quot;:&quot;&quot;,&quot;left&quot;:&quot;&quot;,&quot;isLinked&quot;:true},&quot;element_pack_global_tooltip_padding_mobile&quot;:{&quot;unit&quot;:&quot;px&quot;,&quot;top&quot;:&quot;&quot;,&quot;right&quot;:&quot;&quot;,&quot;bottom&quot;:&quot;&quot;,&quot;left&quot;:&quot;&quot;,&quot;isLinked&quot;:true},&quot;element_pack_global_tooltip_border_radius&quot;:{&quot;unit&quot;:&quot;px&quot;,&quot;top&quot;:&quot;&quot;,&quot;right&quot;:&quot;&quot;,&quot;bottom&quot;:&quot;&quot;,&quot;left&quot;:&quot;&quot;,&quot;isLinked&quot;:true},&quot;element_pack_global_tooltip_border_radius_tablet&quot;:{&quot;unit&quot;:&quot;px&quot;,&quot;top&quot;:&quot;&quot;,&quot;right&quot;:&quot;&quot;,&quot;bottom&quot;:&quot;&quot;,&quot;left&quot;:&quot;&quot;,&quot;isLinked&quot;:true},&quot;element_pack_global_tooltip_border_radius_mobile&quot;:{&quot;unit&quot;:&quot;px&quot;,&quot;top&quot;:&quot;&quot;,&quot;right&quot;:&quot;&quot;,&quot;bottom&quot;:&quot;&quot;,&quot;left&quot;:&quot;&quot;,&quot;isLinked&quot;:true}}\" data-elementor-post-type=\"page\">\n\t\t\t\t\t\t<section class=\"elementor-section elementor-top-section elementor-element elementor-element-2c7e6cb4 elementor-section-height-min-height elementor-section-boxed elementor-section-height-default elementor-section-items-middle\" data-id=\"2c7e6cb4\" data-element_type=\"section\" data-settings=\"{&quot;background_background&quot;:&quot;classic&quot;}\">\n\t\t\t\t\t\t<div class=\"elementor-container elementor-column-gap-no\">\n\t\t\t\t\t<div class=\"elementor-column elementor-col-100 elementor-top-column elementor-element elementor-element-6df6ace8\" data-id=\"6df6ace8\" data-element_type=\"column\">\n\t\t\t<div class=\"elementor-widget-wrap elementor-element-populated\">\n\t\t\t\t\t\t<section class=\"elementor-section elementor-inner-section elementor-element elementor-element-6fe7a8ec elementor-section-full_width elementor-section-height-default elementor-section-height-default\" data-id=\"6fe7a8ec\" data-element_type=\"section\">\n\t\t\t\t\t\t<div class=\"elementor-container elementor-column-gap-no\">\n\t\t\t\t\t<div class=\"elementor-column elementor-col-50 elementor-inner-column elementor-element elementor-element-69c85cf6\" data-id=\"69c85cf6\" data-element_type=\"column\" data-settings=\"{&quot;background_background&quot;:&quot;classic&quot;}\">\n\t\t\t<div class=\"elementor-widget-wrap elementor-element-populated\">\n\t\t\t\t\t\t<div class=\"elementor-element elementor-element-365d878 elementor-widget__width-initial elementor-widget-mobile__width-inherit elementor-invisible elementor-widget elementor-widget-heading\" data-id=\"365d878\" data-element_type=\"widget\" data-settings=\"{&quot;_animation&quot;:&quot;slideInUp&quot;,&quot;_animation_delay&quot;:500}\" data-widget_type=\"heading.default\">\n\t\t\t\t\t<h2 class=\"elementor-heading-title elementor-size-default\">\u00c9clat et renouvellement cutan\u00e9 \u2014 sans aiguilles, gr\u00e2ce au SQT Bio Microneedling<\/h2>\t\t\t\t<\/div>\n\t\t\t\t<div class=\"elementor-element elementor-element-66d9f6ff elementor-invisible elementor-widget elementor-widget-text-editor\" data-id=\"66d9f6ff\" data-element_type=\"widget\" data-settings=\"{&quot;_animation&quot;:&quot;fadeInUp&quot;,&quot;_animation_delay&quot;:500}\" data-widget_type=\"text-editor.default\">\n\t\t\t\t\t\t\t\t\t<p data-start=\"356\" data-end=\"737\" class=\"translation-block\">D\u00e9couvrez SQT Bio, une technique de bio-microneedling r\u00e9volutionnaire, sans aiguilles ni appareils, sp\u00e9cialement con\u00e7ue pour le visage.\nCette technologie avanc\u00e9e stimule les capacit\u00e9s naturelles de r\u00e9g\u00e9n\u00e9ration de la peau, acc\u00e9l\u00e8re le renouvellement cellulaire et booste la production de collag\u00e8ne et d\u2019\u00e9lastine \u2014 pour un teint imm\u00e9diatement plus lisse, plus frais et plus uniforme.<\/p><p data-start=\"739\" data-end=\"998\" class=\"translation-block\">Pendant le traitement, plus de trois millions de micro-cristaux naturels \u00e0 base de silice sont d\u00e9licatement mass\u00e9s manuellement dans la peau en seulement cinq minutes.\nIls stimulent la r\u00e9g\u00e9n\u00e9ration cutan\u00e9e et l\u2019activit\u00e9 cellulaire, sans saignement, sans irritation et sans temps de r\u00e9cup\u00e9ration.<\/p><p data-start=\"1000\" data-end=\"1243\" class=\"translation-block\">SQT Bio est id\u00e9al pour celles et ceux qui souhaitent lisser, illuminer et rajeunir leur peau de mani\u00e8re naturelle et totalement s\u00fbre.\nParticuli\u00e8rement efficace contre l\u2019acn\u00e9, la pigmentation, les cicatrices et les signes du vieillissement cutan\u00e9, il offre un \u00e9clat visible d\u00e8s la premi\u00e8re s\u00e9ance.<\/p><h3 data-start=\"1250\" data-end=\"1270\">Avantages<\/h3><p data-start=\"1271\" data-end=\"1480\" class=\"translation-block\">\u2022 Sans aiguilles, sans douleur, sans temps de r\u00e9cup\u00e9ration\n\u2022 Stimule le collag\u00e8ne et l\u2019\u00e9lastine de l\u2019int\u00e9rieur\n\u2022 Aff ine la texture de la peau et unifie le teint\n\u2022 Alternative naturelle aux peelings ou aux traitements laser<\/p><p data-start=\"1487\" data-end=\"1636\">\ud83d\udc9b <strong data-start=\"1490\" data-end=\"1504\">R\u00e9sultat<\/strong><br data-start=\"1504\" data-end=\"1507\" \/>Een <strong data-start=\"1511\" data-end=\"1553\">jeugdigere, gladdere en stralende huid<\/strong>, vernieuwd van binnenuit \u2014 volledig natuurlijk, zonder prikken of hersteltijd. \u2728<\/p>\t\t\t\t\t\t\t\t<\/div>\n\t\t\t\t\t<\/div>\n\t\t<\/div>\n\t\t\t\t<div class=\"elementor-column elementor-col-50 elementor-inner-column elementor-element elementor-element-c33e617\" data-id=\"c33e617\" data-element_type=\"column\">\n\t\t\t<div class=\"elementor-widget-wrap\">\n\t\t\t\t\t\t\t<\/div>\n\t\t<\/div>\n\t\t\t\t\t<\/div>\n\t\t<\/section>\n\t\t\t\t\t<\/div>\n\t\t<\/div>\n\t\t\t\t\t<\/div>\n\t\t<\/section>\n\t\t\t\t<\/div>","protected":false},"excerpt":{"rendered":"<p>Stralende huid, zonder naalden \u2013 ontdek SQT Bio Microneedling Ontdek SQT Bio, een innovatieve bio-microneedlingbehandeling zonder naalden of machines, speciaal ontwikkeld voor het gezicht.Deze geavanceerde techniek stimuleert het natuurlijke herstelvermogen van de huid, bevordert celvernieuwing en activeert de aanmaak van collageen en elastine \u2014 voor een direct zichtbaar gladdere, frissere en egalere teint. Tijdens de [&hellip;]<\/p>","protected":false},"author":1,"featured_media":0,"parent":15,"menu_order":0,"comment_status":"closed","ping_status":"closed","template":"","meta":{"footnotes":""},"class_list":["post-892","page","type-page","status-publish","hentry"],"yoast_head":"<!-- This site is optimized with the Yoast SEO plugin v26.3 - https:\/\/yoast.com\/wordpress\/plugins\/seo\/ -->\n<title>SQT Biomicroneedling - Laser<\/title>\n<meta name=\"robots\" content=\"index, follow, max-snippet:-1, max-image-preview:large, max-video-preview:-1\" \/>\n<link rel=\"canonical\" href=\"https:\/\/richmondclinicbrussels.be\/fr\/behandelingen\/sqt-biomicroneedling\/\" \/>\n<meta property=\"og:locale\" content=\"fr_FR\" \/>\n<meta property=\"og:type\" content=\"article\" \/>\n<meta property=\"og:title\" content=\"SQT Biomicroneedling - Laser\" \/>\n<meta property=\"og:description\" content=\"Stralende huid, zonder naalden \u2013 ontdek SQT Bio Microneedling Ontdek SQT Bio, een innovatieve bio-microneedlingbehandeling zonder naalden of machines, speciaal ontwikkeld voor het gezicht.Deze geavanceerde techniek stimuleert het natuurlijke herstelvermogen van de huid, bevordert celvernieuwing en activeert de aanmaak van collageen en elastine \u2014 voor een direct zichtbaar gladdere, frissere en egalere teint. Tijdens de [&hellip;]\" \/>\n<meta property=\"og:url\" content=\"https:\/\/richmondclinicbrussels.be\/fr\/behandelingen\/sqt-biomicroneedling\/\" \/>\n<meta property=\"og:site_name\" content=\"Laser\" \/>\n<meta property=\"article:modified_time\" content=\"2025-10-18T22:05:16+00:00\" \/>\n<meta name=\"twitter:card\" content=\"summary_large_image\" \/>\n<meta name=\"twitter:label1\" content=\"Dur\u00e9e de lecture est.\" \/>\n\t<meta name=\"twitter:data1\" content=\"1 minute\" \/>\n<script type=\"application\/ld+json\" class=\"yoast-schema-graph\">{\"@context\":\"https:\/\/schema.org\",\"@graph\":[{\"@type\":\"WebPage\",\"@id\":\"https:\/\/richmondclinicbrussels.be\/behandelingen\/sqt-biomicroneedling\/\",\"url\":\"https:\/\/richmondclinicbrussels.be\/behandelingen\/sqt-biomicroneedling\/\",\"name\":\"SQT Biomicroneedling - Laser\",\"isPartOf\":{\"@id\":\"https:\/\/richmondclinicbrussels.be\/#website\"},\"datePublished\":\"2025-10-10T11:22:09+00:00\",\"dateModified\":\"2025-10-18T22:05:16+00:00\",\"breadcrumb\":{\"@id\":\"https:\/\/richmondclinicbrussels.be\/behandelingen\/sqt-biomicroneedling\/#breadcrumb\"},\"inLanguage\":\"fr-BE\",\"potentialAction\":[{\"@type\":\"ReadAction\",\"target\":[\"https:\/\/richmondclinicbrussels.be\/behandelingen\/sqt-biomicroneedling\/\"]}]},{\"@type\":\"BreadcrumbList\",\"@id\":\"https:\/\/richmondclinicbrussels.be\/behandelingen\/sqt-biomicroneedling\/#breadcrumb\",\"itemListElement\":[{\"@type\":\"ListItem\",\"position\":1,\"name\":\"Home\",\"item\":\"https:\/\/richmondclinicbrussels.be\/\"},{\"@type\":\"ListItem\",\"position\":2,\"name\":\"BEHANDELINGEN\",\"item\":\"https:\/\/richmondclinicbrussels.be\/behandelingen\/\"},{\"@type\":\"ListItem\",\"position\":3,\"name\":\"SQT Biomicroneedling\"}]},{\"@type\":\"WebSite\",\"@id\":\"https:\/\/richmondclinicbrussels.be\/#website\",\"url\":\"https:\/\/richmondclinicbrussels.be\/\",\"name\":\"Laser\",\"description\":\"Richmond Kliniek Brussel\",\"publisher\":{\"@id\":\"https:\/\/richmondclinicbrussels.be\/#organization\"},\"potentialAction\":[{\"@type\":\"SearchAction\",\"target\":{\"@type\":\"EntryPoint\",\"urlTemplate\":\"https:\/\/richmondclinicbrussels.be\/?s={search_term_string}\"},\"query-input\":{\"@type\":\"PropertyValueSpecification\",\"valueRequired\":true,\"valueName\":\"search_term_string\"}}],\"inLanguage\":\"fr-BE\"},{\"@type\":\"Organization\",\"@id\":\"https:\/\/richmondclinicbrussels.be\/#organization\",\"name\":\"Laser\",\"url\":\"https:\/\/richmondclinicbrussels.be\/\",\"logo\":{\"@type\":\"ImageObject\",\"inLanguage\":\"fr-BE\",\"@id\":\"https:\/\/richmondclinicbrussels.be\/#\/schema\/logo\/image\/\",\"url\":\"https:\/\/richmondclinicbrussels.be\/wp-content\/uploads\/2025\/10\/logo.png\",\"contentUrl\":\"https:\/\/richmondclinicbrussels.be\/wp-content\/uploads\/2025\/10\/logo.png\",\"width\":197,\"height\":110,\"caption\":\"Laser\"},\"image\":{\"@id\":\"https:\/\/richmondclinicbrussels.be\/#\/schema\/logo\/image\/\"}}]}<\/script>\n<!-- \/ Yoast SEO plugin. -->","yoast_head_json":{"title":"SQT Biomicroneedling - Laser","robots":{"index":"index","follow":"follow","max-snippet":"max-snippet:-1","max-image-preview":"max-image-preview:large","max-video-preview":"max-video-preview:-1"},"canonical":"https:\/\/richmondclinicbrussels.be\/fr\/behandelingen\/sqt-biomicroneedling\/","og_locale":"fr_FR","og_type":"article","og_title":"SQT Biomicroneedling - Laser","og_description":"Stralende huid, zonder naalden \u2013 ontdek SQT Bio Microneedling Ontdek SQT Bio, een innovatieve bio-microneedlingbehandeling zonder naalden of machines, speciaal ontwikkeld voor het gezicht.Deze geavanceerde techniek stimuleert het natuurlijke herstelvermogen van de huid, bevordert celvernieuwing en activeert de aanmaak van collageen en elastine \u2014 voor een direct zichtbaar gladdere, frissere en egalere teint. Tijdens de [&hellip;]","og_url":"https:\/\/richmondclinicbrussels.be\/fr\/behandelingen\/sqt-biomicroneedling\/","og_site_name":"Laser","article_modified_time":"2025-10-18T22:05:16+00:00","twitter_card":"summary_large_image","twitter_misc":{"Dur\u00e9e de lecture est.":"1 minute"},"schema":{"@context":"https:\/\/schema.org","@graph":[{"@type":"WebPage","@id":"https:\/\/richmondclinicbrussels.be\/behandelingen\/sqt-biomicroneedling\/","url":"https:\/\/richmondclinicbrussels.be\/behandelingen\/sqt-biomicroneedling\/","name":"SQT Biomicroneedling - Laser","isPartOf":{"@id":"https:\/\/richmondclinicbrussels.be\/#website"},"datePublished":"2025-10-10T11:22:09+00:00","dateModified":"2025-10-18T22:05:16+00:00","breadcrumb":{"@id":"https:\/\/richmondclinicbrussels.be\/behandelingen\/sqt-biomicroneedling\/#breadcrumb"},"inLanguage":"fr-BE","potentialAction":[{"@type":"ReadAction","target":["https:\/\/richmondclinicbrussels.be\/behandelingen\/sqt-biomicroneedling\/"]}]},{"@type":"BreadcrumbList","@id":"https:\/\/richmondclinicbrussels.be\/behandelingen\/sqt-biomicroneedling\/#breadcrumb","itemListElement":[{"@type":"ListItem","position":1,"name":"Home","item":"https:\/\/richmondclinicbrussels.be\/"},{"@type":"ListItem","position":2,"name":"BEHANDELINGEN","item":"https:\/\/richmondclinicbrussels.be\/behandelingen\/"},{"@type":"ListItem","position":3,"name":"SQT Biomicroneedling"}]},{"@type":"WebSite","@id":"https:\/\/richmondclinicbrussels.be\/#website","url":"https:\/\/richmondclinicbrussels.be\/","name":"Laser","description":"Richmond Kliniek Brussel","publisher":{"@id":"https:\/\/richmondclinicbrussels.be\/#organization"},"potentialAction":[{"@type":"SearchAction","target":{"@type":"EntryPoint","urlTemplate":"https:\/\/richmondclinicbrussels.be\/?s={search_term_string}"},"query-input":{"@type":"PropertyValueSpecification","valueRequired":true,"valueName":"search_term_string"}}],"inLanguage":"fr-BE"},{"@type":"Organization","@id":"https:\/\/richmondclinicbrussels.be\/#organization","name":"Laser","url":"https:\/\/richmondclinicbrussels.be\/","logo":{"@type":"ImageObject","inLanguage":"fr-BE","@id":"https:\/\/richmondclinicbrussels.be\/#\/schema\/logo\/image\/","url":"https:\/\/richmondclinicbrussels.be\/wp-content\/uploads\/2025\/10\/logo.png","contentUrl":"https:\/\/richmondclinicbrussels.be\/wp-content\/uploads\/2025\/10\/logo.png","width":197,"height":110,"caption":"Laser"},"image":{"@id":"https:\/\/richmondclinicbrussels.be\/#\/schema\/logo\/image\/"}}]}},"_links":{"self":[{"href":"https:\/\/richmondclinicbrussels.be\/fr\/wp-json\/wp\/v2\/pages\/892","targetHints":{"allow":["GET"]}}],"collection":[{"href":"https:\/\/richmondclinicbrussels.be\/fr\/wp-json\/wp\/v2\/pages"}],"about":[{"href":"https:\/\/richmondclinicbrussels.be\/fr\/wp-json\/wp\/v2\/types\/page"}],"author":[{"embeddable":true,"href":"https:\/\/richmondclinicbrussels.be\/fr\/wp-json\/wp\/v2\/users\/1"}],"replies":[{"embeddable":true,"href":"https:\/\/richmondclinicbrussels.be\/fr\/wp-json\/wp\/v2\/comments?post=892"}],"version-history":[{"count":0,"href":"https:\/\/richmondclinicbrussels.be\/fr\/wp-json\/wp\/v2\/pages\/892\/revisions"}],"up":[{"embeddable":true,"href":"https:\/\/richmondclinicbrussels.be\/fr\/wp-json\/wp\/v2\/pages\/15"}],"wp:attachment":[{"href":"https:\/\/richmondclinicbrussels.be\/fr\/wp-json\/wp\/v2\/media?parent=892"}],"curies":[{"name":"wp","href":"https:\/\/api.w.org\/{rel}","templated":true}]}}