{"id":884,"date":"2025-10-10T11:19:16","date_gmt":"2025-10-10T11:19:16","guid":{"rendered":"https:\/\/richmondclinicbrussels.be\/?page_id=884"},"modified":"2025-10-22T12:59:06","modified_gmt":"2025-10-22T12:59:06","slug":"vulstoffen","status":"publish","type":"page","link":"https:\/\/richmondclinicbrussels.be\/fr\/behandelingen\/vulstoffen\/","title":{"rendered":"Fillers"},"content":{"rendered":"<div data-elementor-type=\"wp-page\" data-elementor-id=\"884\" class=\"elementor elementor-884\" data-elementor-settings=\"{&quot;element_pack_global_tooltip_width&quot;:{&quot;unit&quot;:&quot;px&quot;,&quot;size&quot;:&quot;&quot;,&quot;sizes&quot;:[]},&quot;element_pack_global_tooltip_width_tablet&quot;:{&quot;unit&quot;:&quot;px&quot;,&quot;size&quot;:&quot;&quot;,&quot;sizes&quot;:[]},&quot;element_pack_global_tooltip_width_mobile&quot;:{&quot;unit&quot;:&quot;px&quot;,&quot;size&quot;:&quot;&quot;,&quot;sizes&quot;:[]},&quot;element_pack_global_tooltip_padding&quot;:{&quot;unit&quot;:&quot;px&quot;,&quot;top&quot;:&quot;&quot;,&quot;right&quot;:&quot;&quot;,&quot;bottom&quot;:&quot;&quot;,&quot;left&quot;:&quot;&quot;,&quot;isLinked&quot;:true},&quot;element_pack_global_tooltip_padding_tablet&quot;:{&quot;unit&quot;:&quot;px&quot;,&quot;top&quot;:&quot;&quot;,&quot;right&quot;:&quot;&quot;,&quot;bottom&quot;:&quot;&quot;,&quot;left&quot;:&quot;&quot;,&quot;isLinked&quot;:true},&quot;element_pack_global_tooltip_padding_mobile&quot;:{&quot;unit&quot;:&quot;px&quot;,&quot;top&quot;:&quot;&quot;,&quot;right&quot;:&quot;&quot;,&quot;bottom&quot;:&quot;&quot;,&quot;left&quot;:&quot;&quot;,&quot;isLinked&quot;:true},&quot;element_pack_global_tooltip_border_radius&quot;:{&quot;unit&quot;:&quot;px&quot;,&quot;top&quot;:&quot;&quot;,&quot;right&quot;:&quot;&quot;,&quot;bottom&quot;:&quot;&quot;,&quot;left&quot;:&quot;&quot;,&quot;isLinked&quot;:true},&quot;element_pack_global_tooltip_border_radius_tablet&quot;:{&quot;unit&quot;:&quot;px&quot;,&quot;top&quot;:&quot;&quot;,&quot;right&quot;:&quot;&quot;,&quot;bottom&quot;:&quot;&quot;,&quot;left&quot;:&quot;&quot;,&quot;isLinked&quot;:true},&quot;element_pack_global_tooltip_border_radius_mobile&quot;:{&quot;unit&quot;:&quot;px&quot;,&quot;top&quot;:&quot;&quot;,&quot;right&quot;:&quot;&quot;,&quot;bottom&quot;:&quot;&quot;,&quot;left&quot;:&quot;&quot;,&quot;isLinked&quot;:true}}\" data-elementor-post-type=\"page\">\n\t\t\t\t\t\t<section class=\"elementor-section elementor-top-section elementor-element elementor-element-2b6bcfb2 elementor-section-height-min-height elementor-section-boxed elementor-section-height-default elementor-section-items-middle\" data-id=\"2b6bcfb2\" data-element_type=\"section\" data-settings=\"{&quot;background_background&quot;:&quot;classic&quot;}\">\n\t\t\t\t\t\t<div class=\"elementor-container elementor-column-gap-no\">\n\t\t\t\t\t<div class=\"elementor-column elementor-col-100 elementor-top-column elementor-element elementor-element-5f392981\" data-id=\"5f392981\" data-element_type=\"column\">\n\t\t\t<div class=\"elementor-widget-wrap elementor-element-populated\">\n\t\t\t\t\t\t<section class=\"elementor-section elementor-inner-section elementor-element elementor-element-7c8ab22f elementor-section-full_width elementor-section-height-default elementor-section-height-default\" data-id=\"7c8ab22f\" data-element_type=\"section\">\n\t\t\t\t\t\t<div class=\"elementor-container elementor-column-gap-no\">\n\t\t\t\t\t<div class=\"elementor-column elementor-col-50 elementor-inner-column elementor-element elementor-element-769e639b\" data-id=\"769e639b\" data-element_type=\"column\" data-settings=\"{&quot;background_background&quot;:&quot;classic&quot;}\">\n\t\t\t<div class=\"elementor-widget-wrap elementor-element-populated\">\n\t\t\t\t\t\t<div class=\"elementor-element elementor-element-739edb81 elementor-widget-mobile__width-inherit elementor-invisible elementor-widget elementor-widget-heading\" data-id=\"739edb81\" data-element_type=\"widget\" data-settings=\"{&quot;_animation&quot;:&quot;slideInUp&quot;,&quot;_animation_delay&quot;:500}\" data-widget_type=\"heading.default\">\n\t\t\t\t\t<h2 class=\"elementor-heading-title elementor-size-default\">Ce que vous devez savoir sur les fillers.<\/h2>\t\t\t\t<\/div>\n\t\t\t\t<div class=\"elementor-element elementor-element-25d6537 elementor-invisible elementor-widget elementor-widget-text-editor\" data-id=\"25d6537\" data-element_type=\"widget\" data-settings=\"{&quot;_animation&quot;:&quot;fadeInUp&quot;,&quot;_animation_delay&quot;:500}\" data-widget_type=\"text-editor.default\">\n\t\t\t\t\t\t\t\t\t<p data-start=\"350\" data-end=\"431\"><strong data-start=\"350\" data-end=\"429\">Restaurez le volume, l\u2019harmonie et des contours \u2014 de mani\u00e8re naturelle.<\/strong><\/p><p data-start=\"433\" data-end=\"780\" class=\"translation-block\">Les fillers dermiques sont des gels injectables \u00e0 base d\u2019acide hyaluronique, une mol\u00e9cule naturellement pr\u00e9sente dans notre corps. Ils permettent de restaurer les volumes perdus, de lisser les rides et de sublimer les contours du visage.\nGr\u00e2ce \u00e0 cette approche cibl\u00e9e, la peau retrouve instantan\u00e9ment son galbe, sa fermet\u00e9 et son harmonie \u2014 avec un r\u00e9sultat visiblement rajeuni, tout en restant totalement naturel.<\/p>\t\t\t\t\t\t\t\t<\/div>\n\t\t\t\t<div class=\"elementor-element elementor-element-3a207ab9 elementor-invisible elementor-widget elementor-widget-text-editor\" data-id=\"3a207ab9\" data-element_type=\"widget\" data-settings=\"{&quot;_animation&quot;:&quot;fadeInUp&quot;,&quot;_animation_delay&quot;:500}\" data-widget_type=\"text-editor.default\">\n\t\t\t\t\t\t\t\t\t<h3>Avantages<\/h3><ul><li data-start=\"522\" data-end=\"561\" class=\"translation-block\">R\u00e9sultat imm\u00e9diat \u2014 visible d\u00e8s la premi\u00e8re s\u00e9ance<\/li><li data-start=\"522\" data-end=\"561\" class=\"translation-block\">Ravive la jeunesse et l\u2019\u00e9quilibre du visage<\/li><li data-start=\"522\" data-end=\"561\" class=\"translation-block\">Convient aux l\u00e8vres, aux joues, au menton et au contour des yeux<\/li><li data-start=\"522\" data-end=\"561\"><strong data-start=\"996\" data-end=\"1034\">Durable, mais enti\u00e8rement r\u00e9versible<\/strong><\/li><\/ul>\t\t\t\t\t\t\t\t<\/div>\n\t\t\t\t<div class=\"elementor-element elementor-element-7e7dc85c elementor-invisible elementor-widget elementor-widget-text-editor\" data-id=\"7e7dc85c\" data-element_type=\"widget\" data-settings=\"{&quot;_animation&quot;:&quot;fadeInUp&quot;,&quot;_animation_delay&quot;:500}\" data-widget_type=\"text-editor.default\">\n\t\t\t\t\t\t\t\t\t<h3>Effets secondaires possibles (temporaires) :<\/h3><ul><li class=\"translation-block\">L\u00e9ger gonflement ou sensibilit\u00e9<\/li><li class=\"translation-block\">Ecchymoses ou l\u00e9g\u00e8re asym\u00e9trie<\/li><li class=\"translation-block\">Dans de rares cas, une r\u00e9action allergique<\/li><\/ul>\t\t\t\t\t\t\t\t<\/div>\n\t\t\t\t\t<\/div>\n\t\t<\/div>\n\t\t\t\t<div class=\"elementor-column elementor-col-50 elementor-inner-column elementor-element elementor-element-2adab32a\" data-id=\"2adab32a\" data-element_type=\"column\">\n\t\t\t<div class=\"elementor-widget-wrap\">\n\t\t\t\t\t\t\t<\/div>\n\t\t<\/div>\n\t\t\t\t\t<\/div>\n\t\t<\/section>\n\t\t\t\t\t<\/div>\n\t\t<\/div>\n\t\t\t\t\t<\/div>\n\t\t<\/section>\n\t\t\t\t<section class=\"elementor-section elementor-top-section elementor-element elementor-element-2ec00d3d elementor-section-height-min-height elementor-section-boxed elementor-section-height-default elementor-section-items-middle\" data-id=\"2ec00d3d\" data-element_type=\"section\" data-settings=\"{&quot;background_background&quot;:&quot;classic&quot;}\">\n\t\t\t\t\t\t<div class=\"elementor-container elementor-column-gap-default\">\n\t\t\t\t\t<div class=\"elementor-column elementor-col-100 elementor-top-column elementor-element elementor-element-1561d891\" data-id=\"1561d891\" data-element_type=\"column\">\n\t\t\t<div class=\"elementor-widget-wrap elementor-element-populated\">\n\t\t\t\t\t\t<div class=\"elementor-element elementor-element-10a639cb elementor-invisible elementor-widget elementor-widget-heading\" data-id=\"10a639cb\" data-element_type=\"widget\" data-settings=\"{&quot;_animation&quot;:&quot;fadeIn&quot;,&quot;_animation_delay&quot;:0}\" data-widget_type=\"heading.default\">\n\t\t\t\t\t<h2 class=\"elementor-heading-title elementor-size-default\">Conseils post-traitement<\/h2>\t\t\t\t<\/div>\n\t\t\t\t<div class=\"elementor-element elementor-element-73986fe2 elementor-invisible elementor-widget elementor-widget-text-editor\" data-id=\"73986fe2\" data-element_type=\"widget\" data-settings=\"{&quot;_animation&quot;:&quot;fadeInUp&quot;,&quot;_animation_delay&quot;:500}\" data-widget_type=\"text-editor.default\">\n\t\t\t\t\t\t\t\t\t<ul><li>\u00c9vitez l\u2019alcool, la chaleur et les efforts physiques pendant 24 heures.<\/li><li>Ne touchez pas la zone et \u00e9vitez le maquillage pendant 24 heures.)<\/li><li>Un l\u00e9ger gonflement ou quelques petits bleus sont normaux et disparaissent naturellement.<\/li><\/ul>\t\t\t\t\t\t\t\t<\/div>\n\t\t\t\t\t<\/div>\n\t\t<\/div>\n\t\t\t\t\t<\/div>\n\t\t<\/section>\n\t\t\t\t<\/div>","protected":false},"excerpt":{"rendered":"<p>Wat u moet weten over dermale fillers. Herstel volume, harmonie en jeugdige contouren \u2014 op een natuurlijke manier. Dermale fillers zijn injecteerbare gels op basis van hyaluronzuur, een lichaamseigen stof die helpt om volumeverlies te herstellen, rimpels te verzachten en gezichtscontouren te verbeteren.De behandeling geeft de huid opnieuw volheid, stevigheid en balans, met direct zichtbare [&hellip;]<\/p>","protected":false},"author":1,"featured_media":0,"parent":15,"menu_order":0,"comment_status":"closed","ping_status":"closed","template":"","meta":{"footnotes":""},"class_list":["post-884","page","type-page","status-publish","hentry"],"yoast_head":"<!-- This site is optimized with the Yoast SEO plugin v26.3 - https:\/\/yoast.com\/wordpress\/plugins\/seo\/ -->\n<title>Vulstoffen - Laser<\/title>\n<meta name=\"robots\" content=\"index, follow, max-snippet:-1, max-image-preview:large, max-video-preview:-1\" \/>\n<link rel=\"canonical\" href=\"https:\/\/richmondclinicbrussels.be\/fr\/behandelingen\/vulstoffen\/\" \/>\n<meta property=\"og:locale\" content=\"fr_FR\" \/>\n<meta property=\"og:type\" content=\"article\" \/>\n<meta property=\"og:title\" content=\"Vulstoffen - Laser\" \/>\n<meta property=\"og:description\" content=\"Wat u moet weten over dermale fillers. Herstel volume, harmonie en jeugdige contouren \u2014 op een natuurlijke manier. Dermale fillers zijn injecteerbare gels op basis van hyaluronzuur, een lichaamseigen stof die helpt om volumeverlies te herstellen, rimpels te verzachten en gezichtscontouren te verbeteren.De behandeling geeft de huid opnieuw volheid, stevigheid en balans, met direct zichtbare [&hellip;]\" \/>\n<meta property=\"og:url\" content=\"https:\/\/richmondclinicbrussels.be\/fr\/behandelingen\/vulstoffen\/\" \/>\n<meta property=\"og:site_name\" content=\"Laser\" \/>\n<meta property=\"article:modified_time\" content=\"2025-10-22T12:59:06+00:00\" \/>\n<meta name=\"twitter:card\" content=\"summary_large_image\" \/>\n<meta name=\"twitter:label1\" content=\"Dur\u00e9e de lecture est.\" \/>\n\t<meta name=\"twitter:data1\" content=\"1 minute\" \/>\n<script type=\"application\/ld+json\" class=\"yoast-schema-graph\">{\"@context\":\"https:\/\/schema.org\",\"@graph\":[{\"@type\":\"WebPage\",\"@id\":\"https:\/\/richmondclinicbrussels.be\/behandelingen\/vulstoffen\/\",\"url\":\"https:\/\/richmondclinicbrussels.be\/behandelingen\/vulstoffen\/\",\"name\":\"Vulstoffen - Laser\",\"isPartOf\":{\"@id\":\"https:\/\/richmondclinicbrussels.be\/#website\"},\"datePublished\":\"2025-10-10T11:19:16+00:00\",\"dateModified\":\"2025-10-22T12:59:06+00:00\",\"breadcrumb\":{\"@id\":\"https:\/\/richmondclinicbrussels.be\/behandelingen\/vulstoffen\/#breadcrumb\"},\"inLanguage\":\"fr-BE\",\"potentialAction\":[{\"@type\":\"ReadAction\",\"target\":[\"https:\/\/richmondclinicbrussels.be\/behandelingen\/vulstoffen\/\"]}]},{\"@type\":\"BreadcrumbList\",\"@id\":\"https:\/\/richmondclinicbrussels.be\/behandelingen\/vulstoffen\/#breadcrumb\",\"itemListElement\":[{\"@type\":\"ListItem\",\"position\":1,\"name\":\"Home\",\"item\":\"https:\/\/richmondclinicbrussels.be\/\"},{\"@type\":\"ListItem\",\"position\":2,\"name\":\"BEHANDELINGEN\",\"item\":\"https:\/\/richmondclinicbrussels.be\/behandelingen\/\"},{\"@type\":\"ListItem\",\"position\":3,\"name\":\"Vulstoffen\"}]},{\"@type\":\"WebSite\",\"@id\":\"https:\/\/richmondclinicbrussels.be\/#website\",\"url\":\"https:\/\/richmondclinicbrussels.be\/\",\"name\":\"Laser\",\"description\":\"Richmond Kliniek Brussel\",\"publisher\":{\"@id\":\"https:\/\/richmondclinicbrussels.be\/#organization\"},\"potentialAction\":[{\"@type\":\"SearchAction\",\"target\":{\"@type\":\"EntryPoint\",\"urlTemplate\":\"https:\/\/richmondclinicbrussels.be\/?s={search_term_string}\"},\"query-input\":{\"@type\":\"PropertyValueSpecification\",\"valueRequired\":true,\"valueName\":\"search_term_string\"}}],\"inLanguage\":\"fr-BE\"},{\"@type\":\"Organization\",\"@id\":\"https:\/\/richmondclinicbrussels.be\/#organization\",\"name\":\"Laser\",\"url\":\"https:\/\/richmondclinicbrussels.be\/\",\"logo\":{\"@type\":\"ImageObject\",\"inLanguage\":\"fr-BE\",\"@id\":\"https:\/\/richmondclinicbrussels.be\/#\/schema\/logo\/image\/\",\"url\":\"https:\/\/richmondclinicbrussels.be\/wp-content\/uploads\/2025\/10\/logo.png\",\"contentUrl\":\"https:\/\/richmondclinicbrussels.be\/wp-content\/uploads\/2025\/10\/logo.png\",\"width\":197,\"height\":110,\"caption\":\"Laser\"},\"image\":{\"@id\":\"https:\/\/richmondclinicbrussels.be\/#\/schema\/logo\/image\/\"}}]}<\/script>\n<!-- \/ Yoast SEO plugin. -->","yoast_head_json":{"title":"Vulstoffen - Laser","robots":{"index":"index","follow":"follow","max-snippet":"max-snippet:-1","max-image-preview":"max-image-preview:large","max-video-preview":"max-video-preview:-1"},"canonical":"https:\/\/richmondclinicbrussels.be\/fr\/behandelingen\/vulstoffen\/","og_locale":"fr_FR","og_type":"article","og_title":"Vulstoffen - Laser","og_description":"Wat u moet weten over dermale fillers. Herstel volume, harmonie en jeugdige contouren \u2014 op een natuurlijke manier. Dermale fillers zijn injecteerbare gels op basis van hyaluronzuur, een lichaamseigen stof die helpt om volumeverlies te herstellen, rimpels te verzachten en gezichtscontouren te verbeteren.De behandeling geeft de huid opnieuw volheid, stevigheid en balans, met direct zichtbare [&hellip;]","og_url":"https:\/\/richmondclinicbrussels.be\/fr\/behandelingen\/vulstoffen\/","og_site_name":"Laser","article_modified_time":"2025-10-22T12:59:06+00:00","twitter_card":"summary_large_image","twitter_misc":{"Dur\u00e9e de lecture est.":"1 minute"},"schema":{"@context":"https:\/\/schema.org","@graph":[{"@type":"WebPage","@id":"https:\/\/richmondclinicbrussels.be\/behandelingen\/vulstoffen\/","url":"https:\/\/richmondclinicbrussels.be\/behandelingen\/vulstoffen\/","name":"Vulstoffen - Laser","isPartOf":{"@id":"https:\/\/richmondclinicbrussels.be\/#website"},"datePublished":"2025-10-10T11:19:16+00:00","dateModified":"2025-10-22T12:59:06+00:00","breadcrumb":{"@id":"https:\/\/richmondclinicbrussels.be\/behandelingen\/vulstoffen\/#breadcrumb"},"inLanguage":"fr-BE","potentialAction":[{"@type":"ReadAction","target":["https:\/\/richmondclinicbrussels.be\/behandelingen\/vulstoffen\/"]}]},{"@type":"BreadcrumbList","@id":"https:\/\/richmondclinicbrussels.be\/behandelingen\/vulstoffen\/#breadcrumb","itemListElement":[{"@type":"ListItem","position":1,"name":"Home","item":"https:\/\/richmondclinicbrussels.be\/"},{"@type":"ListItem","position":2,"name":"BEHANDELINGEN","item":"https:\/\/richmondclinicbrussels.be\/behandelingen\/"},{"@type":"ListItem","position":3,"name":"Vulstoffen"}]},{"@type":"WebSite","@id":"https:\/\/richmondclinicbrussels.be\/#website","url":"https:\/\/richmondclinicbrussels.be\/","name":"Laser","description":"Richmond Kliniek Brussel","publisher":{"@id":"https:\/\/richmondclinicbrussels.be\/#organization"},"potentialAction":[{"@type":"SearchAction","target":{"@type":"EntryPoint","urlTemplate":"https:\/\/richmondclinicbrussels.be\/?s={search_term_string}"},"query-input":{"@type":"PropertyValueSpecification","valueRequired":true,"valueName":"search_term_string"}}],"inLanguage":"fr-BE"},{"@type":"Organization","@id":"https:\/\/richmondclinicbrussels.be\/#organization","name":"Laser","url":"https:\/\/richmondclinicbrussels.be\/","logo":{"@type":"ImageObject","inLanguage":"fr-BE","@id":"https:\/\/richmondclinicbrussels.be\/#\/schema\/logo\/image\/","url":"https:\/\/richmondclinicbrussels.be\/wp-content\/uploads\/2025\/10\/logo.png","contentUrl":"https:\/\/richmondclinicbrussels.be\/wp-content\/uploads\/2025\/10\/logo.png","width":197,"height":110,"caption":"Laser"},"image":{"@id":"https:\/\/richmondclinicbrussels.be\/#\/schema\/logo\/image\/"}}]}},"_links":{"self":[{"href":"https:\/\/richmondclinicbrussels.be\/fr\/wp-json\/wp\/v2\/pages\/884","targetHints":{"allow":["GET"]}}],"collection":[{"href":"https:\/\/richmondclinicbrussels.be\/fr\/wp-json\/wp\/v2\/pages"}],"about":[{"href":"https:\/\/richmondclinicbrussels.be\/fr\/wp-json\/wp\/v2\/types\/page"}],"author":[{"embeddable":true,"href":"https:\/\/richmondclinicbrussels.be\/fr\/wp-json\/wp\/v2\/users\/1"}],"replies":[{"embeddable":true,"href":"https:\/\/richmondclinicbrussels.be\/fr\/wp-json\/wp\/v2\/comments?post=884"}],"version-history":[{"count":0,"href":"https:\/\/richmondclinicbrussels.be\/fr\/wp-json\/wp\/v2\/pages\/884\/revisions"}],"up":[{"embeddable":true,"href":"https:\/\/richmondclinicbrussels.be\/fr\/wp-json\/wp\/v2\/pages\/15"}],"wp:attachment":[{"href":"https:\/\/richmondclinicbrussels.be\/fr\/wp-json\/wp\/v2\/media?parent=884"}],"curies":[{"name":"wp","href":"https:\/\/api.w.org\/{rel}","templated":true}]}}