{"id":824,"date":"2025-10-10T10:25:58","date_gmt":"2025-10-10T10:25:58","guid":{"rendered":"https:\/\/richmondclinicbrussels.be\/?page_id=824"},"modified":"2025-11-10T11:29:57","modified_gmt":"2025-11-10T11:29:57","slug":"prp-therapie","status":"publish","type":"page","link":"https:\/\/richmondclinicbrussels.be\/fr\/behandelingen\/prp-therapie\/","title":{"rendered":"PRP-Therapie"},"content":{"rendered":"<div data-elementor-type=\"wp-page\" data-elementor-id=\"824\" class=\"elementor elementor-824\" data-elementor-settings=\"{&quot;element_pack_global_tooltip_width&quot;:{&quot;unit&quot;:&quot;px&quot;,&quot;size&quot;:&quot;&quot;,&quot;sizes&quot;:[]},&quot;element_pack_global_tooltip_width_tablet&quot;:{&quot;unit&quot;:&quot;px&quot;,&quot;size&quot;:&quot;&quot;,&quot;sizes&quot;:[]},&quot;element_pack_global_tooltip_width_mobile&quot;:{&quot;unit&quot;:&quot;px&quot;,&quot;size&quot;:&quot;&quot;,&quot;sizes&quot;:[]},&quot;element_pack_global_tooltip_padding&quot;:{&quot;unit&quot;:&quot;px&quot;,&quot;top&quot;:&quot;&quot;,&quot;right&quot;:&quot;&quot;,&quot;bottom&quot;:&quot;&quot;,&quot;left&quot;:&quot;&quot;,&quot;isLinked&quot;:true},&quot;element_pack_global_tooltip_padding_tablet&quot;:{&quot;unit&quot;:&quot;px&quot;,&quot;top&quot;:&quot;&quot;,&quot;right&quot;:&quot;&quot;,&quot;bottom&quot;:&quot;&quot;,&quot;left&quot;:&quot;&quot;,&quot;isLinked&quot;:true},&quot;element_pack_global_tooltip_padding_mobile&quot;:{&quot;unit&quot;:&quot;px&quot;,&quot;top&quot;:&quot;&quot;,&quot;right&quot;:&quot;&quot;,&quot;bottom&quot;:&quot;&quot;,&quot;left&quot;:&quot;&quot;,&quot;isLinked&quot;:true},&quot;element_pack_global_tooltip_border_radius&quot;:{&quot;unit&quot;:&quot;px&quot;,&quot;top&quot;:&quot;&quot;,&quot;right&quot;:&quot;&quot;,&quot;bottom&quot;:&quot;&quot;,&quot;left&quot;:&quot;&quot;,&quot;isLinked&quot;:true},&quot;element_pack_global_tooltip_border_radius_tablet&quot;:{&quot;unit&quot;:&quot;px&quot;,&quot;top&quot;:&quot;&quot;,&quot;right&quot;:&quot;&quot;,&quot;bottom&quot;:&quot;&quot;,&quot;left&quot;:&quot;&quot;,&quot;isLinked&quot;:true},&quot;element_pack_global_tooltip_border_radius_mobile&quot;:{&quot;unit&quot;:&quot;px&quot;,&quot;top&quot;:&quot;&quot;,&quot;right&quot;:&quot;&quot;,&quot;bottom&quot;:&quot;&quot;,&quot;left&quot;:&quot;&quot;,&quot;isLinked&quot;:true}}\" data-elementor-post-type=\"page\">\n\t\t\t\t\t\t<section class=\"elementor-section elementor-top-section elementor-element elementor-element-87fcc0e elementor-section-height-min-height elementor-section-boxed elementor-section-height-default elementor-section-items-middle\" data-id=\"87fcc0e\" data-element_type=\"section\" data-settings=\"{&quot;background_background&quot;:&quot;classic&quot;}\">\n\t\t\t\t\t\t<div class=\"elementor-container elementor-column-gap-no\">\n\t\t\t\t\t<div class=\"elementor-column elementor-col-100 elementor-top-column elementor-element elementor-element-2b5893bb\" data-id=\"2b5893bb\" data-element_type=\"column\">\n\t\t\t<div class=\"elementor-widget-wrap elementor-element-populated\">\n\t\t\t\t\t\t<section class=\"elementor-section elementor-inner-section elementor-element elementor-element-4796d81 elementor-section-full_width elementor-section-height-default elementor-section-height-default\" data-id=\"4796d81\" data-element_type=\"section\">\n\t\t\t\t\t\t<div class=\"elementor-container elementor-column-gap-no\">\n\t\t\t\t\t<div class=\"elementor-column elementor-col-50 elementor-inner-column elementor-element elementor-element-227a03df\" data-id=\"227a03df\" data-element_type=\"column\" data-settings=\"{&quot;background_background&quot;:&quot;classic&quot;}\">\n\t\t\t<div class=\"elementor-widget-wrap elementor-element-populated\">\n\t\t\t\t\t\t<div class=\"elementor-element elementor-element-462673c8 elementor-widget-mobile__width-inherit elementor-invisible elementor-widget elementor-widget-heading\" data-id=\"462673c8\" data-element_type=\"widget\" data-settings=\"{&quot;_animation&quot;:&quot;slideInUp&quot;,&quot;_animation_delay&quot;:500}\" data-widget_type=\"heading.default\">\n\t\t\t\t\t<h2 class=\"elementor-heading-title elementor-size-default\">Th\u00e9rapie PRP : r\u00e9g\u00e9n\u00e9ration naturelle de la peau et des cheveux<\/h2>\t\t\t\t<\/div>\n\t\t\t\t<div class=\"elementor-element elementor-element-79d7bacb elementor-invisible elementor-widget elementor-widget-text-editor\" data-id=\"79d7bacb\" data-element_type=\"widget\" data-settings=\"{&quot;_animation&quot;:&quot;fadeInUp&quot;,&quot;_animation_delay&quot;:500}\" data-widget_type=\"text-editor.default\">\n\t\t\t\t\t\t\t\t\t<p data-start=\"353\" data-end=\"552\" class=\"translation-block\">Exploitez le pouvoir naturel de r\u00e9g\u00e9n\u00e9ration de votre propre corps gr\u00e2ce \u00e0 la th\u00e9rapie PRP.\nCe traitement innovant utilise votre propre plasma pour rajeunir, r\u00e9parer et sublimer la peau.<\/p><p data-start=\"554\" data-end=\"793\" class=\"translation-block\">Le PRP stimule la production de collag\u00e8ne, am\u00e9liore l\u2019\u00e9lasticit\u00e9 de la peau et procure un \u00e9clat naturel.\nIl affine la texture de la peau, r\u00e9duit les ridules et favorise naturellement la repousse des cheveux.<\/p><p data-start=\"795\" data-end=\"915\">Een <strong data-start=\"799\" data-end=\"861\">100% natuurlijke, veilige en niet-synthetische behandeling<\/strong> \u2013 volledig afgestemd op uw huid en uw schoonheid.<\/p>\t\t\t\t\t\t\t\t<\/div>\n\t\t\t\t<div class=\"elementor-element elementor-element-38d6ba4 elementor-invisible elementor-widget elementor-widget-text-editor\" data-id=\"38d6ba4\" data-element_type=\"widget\" data-settings=\"{&quot;_animation&quot;:&quot;fadeInUp&quot;,&quot;_animation_delay&quot;:500}\" data-widget_type=\"text-editor.default\">\n\t\t\t\t\t\t\t\t\t<p><strong data-start=\"713\" data-end=\"741\">De voordelen op een rij:<\/strong><br data-start=\"741\" data-end=\"744\" \/>\u2728 Volledig natuurlijk \u2014 zonder synthetische producten<br data-start=\"797\" data-end=\"800\" \/>\u2728 Activeert collageenaanmaak en celvernieuwing<br data-start=\"846\" data-end=\"849\" \/>\u2728 Maakt de huid gladder, steviger en egaler<br data-start=\"892\" data-end=\"895\" \/>\u2728 Verjongt de huid en stimuleert haargroei op natuurlijke wijze<\/p>\t\t\t\t\t\t\t\t<\/div>\n\t\t\t\t\t<\/div>\n\t\t<\/div>\n\t\t\t\t<div class=\"elementor-column elementor-col-50 elementor-inner-column elementor-element elementor-element-71e220a2\" data-id=\"71e220a2\" data-element_type=\"column\">\n\t\t\t<div class=\"elementor-widget-wrap\">\n\t\t\t\t\t\t\t<\/div>\n\t\t<\/div>\n\t\t\t\t\t<\/div>\n\t\t<\/section>\n\t\t\t\t\t<\/div>\n\t\t<\/div>\n\t\t\t\t\t<\/div>\n\t\t<\/section>\n\t\t\t\t<section class=\"elementor-section elementor-top-section elementor-element elementor-element-2c81e9c0 elementor-section-height-min-height elementor-section-boxed elementor-section-height-default elementor-section-items-middle\" data-id=\"2c81e9c0\" data-element_type=\"section\" data-settings=\"{&quot;background_background&quot;:&quot;classic&quot;}\">\n\t\t\t\t\t\t<div class=\"elementor-container elementor-column-gap-default\">\n\t\t\t\t\t<div class=\"elementor-column elementor-col-100 elementor-top-column elementor-element elementor-element-65f1cfea\" data-id=\"65f1cfea\" data-element_type=\"column\">\n\t\t\t<div class=\"elementor-widget-wrap elementor-element-populated\">\n\t\t\t\t\t\t<div class=\"elementor-element elementor-element-35bbe0a2 elementor-invisible elementor-widget elementor-widget-heading\" data-id=\"35bbe0a2\" data-element_type=\"widget\" data-settings=\"{&quot;_animation&quot;:&quot;fadeIn&quot;,&quot;_animation_delay&quot;:0}\" data-widget_type=\"heading.default\">\n\t\t\t\t\t<h2 class=\"elementor-heading-title elementor-size-default\">Conseils post-traitement<\/h2>\t\t\t\t<\/div>\n\t\t\t\t<div class=\"elementor-element elementor-element-14431fa9 elementor-invisible elementor-widget elementor-widget-text-editor\" data-id=\"14431fa9\" data-element_type=\"widget\" data-settings=\"{&quot;_animation&quot;:&quot;fadeInUp&quot;,&quot;_animation_delay&quot;:500}\" data-widget_type=\"text-editor.default\">\n\t\t\t\t\t\t\t\t\t<ul><li data-start=\"197\" data-end=\"472\" class=\"translation-block\">\u00c9vitez le maquillage pendant les 24 premi\u00e8res heures.\nNe lavez pas la zone trait\u00e9e dans les 12 heures suivant la s\u00e9ance.\n\u00c9vitez l\u2019exposition au soleil, le sauna et les activit\u00e9s sportives intenses pendant 48 heures.\nUtilisez uniquement des soins doux et hydratants pour apaiser la peau.<\/li><li data-start=\"197\" data-end=\"472\">Was het behandelde gebied <strong data-start=\"285\" data-end=\"307\">niet binnen 12 uur<\/strong>.<\/li><li data-start=\"197\" data-end=\"472\">Blijf <strong data-start=\"317\" data-end=\"331\">uit de zon<\/strong> en vermijd <strong data-start=\"343\" data-end=\"373\">sauna of intensief sporten<\/strong> gedurende <strong data-start=\"384\" data-end=\"394\">48 uur<\/strong>.<\/li><li data-start=\"197\" data-end=\"472\">Gebruik enkel <strong data-start=\"412\" data-end=\"446\">milde, hydraterende verzorging<\/strong> om de huid te kalmeren.<\/li><\/ul>\t\t\t\t\t\t\t\t<\/div>\n\t\t\t\t\t<\/div>\n\t\t<\/div>\n\t\t\t\t\t<\/div>\n\t\t<\/section>\n\t\t\t\t<\/div>","protected":false},"excerpt":{"rendered":"<p>PRP-therapie: natuurlijke regeneratie voor huid en haar Benut de natuurlijke herstellende kracht van uw eigen lichaam met PRP-therapie.Deze innovatieve behandeling gebruikt uw eigen plasma om de huid te verjongen, herstellen en laten stralen. PRP stimuleert de aanmaak van collageen, verbetert de huidelasticiteit en zorgt voor een natuurlijke glow.Het verfijnt de huidstructuur, vermindert fijne lijntjes en [&hellip;]<\/p>","protected":false},"author":1,"featured_media":0,"parent":15,"menu_order":0,"comment_status":"closed","ping_status":"closed","template":"","meta":{"footnotes":""},"class_list":["post-824","page","type-page","status-publish","hentry"],"yoast_head":"<!-- This site is optimized with the Yoast SEO plugin v26.3 - https:\/\/yoast.com\/wordpress\/plugins\/seo\/ -->\n<title>PRP Behandeling in Brussel \u2013 Effectieve Huidverjonging<\/title>\n<meta name=\"description\" content=\"Ontdek de voordelen van PRP behandeling bij Richmond Clinic Brussels. Professionele PRP Brussel therapie voor huidverjonging en haarherstel.\" \/>\n<meta name=\"robots\" content=\"index, follow, max-snippet:-1, max-image-preview:large, max-video-preview:-1\" \/>\n<link rel=\"canonical\" href=\"https:\/\/richmondclinicbrussels.be\/fr\/behandelingen\/prp-therapie\/\" \/>\n<meta property=\"og:locale\" content=\"fr_FR\" \/>\n<meta property=\"og:type\" content=\"article\" \/>\n<meta property=\"og:title\" content=\"PRP Behandeling in Brussel \u2013 Effectieve Huidverjonging\" \/>\n<meta property=\"og:description\" content=\"Ontdek de voordelen van PRP behandeling bij Richmond Clinic Brussels. Professionele PRP Brussel therapie voor huidverjonging en haarherstel.\" \/>\n<meta property=\"og:url\" content=\"https:\/\/richmondclinicbrussels.be\/fr\/behandelingen\/prp-therapie\/\" \/>\n<meta property=\"og:site_name\" content=\"Laser\" \/>\n<meta property=\"article:modified_time\" content=\"2025-11-10T11:29:57+00:00\" \/>\n<meta name=\"twitter:card\" content=\"summary_large_image\" \/>\n<meta name=\"twitter:label1\" content=\"Dur\u00e9e de lecture est.\" \/>\n\t<meta name=\"twitter:data1\" content=\"1 minute\" \/>\n<script type=\"application\/ld+json\" class=\"yoast-schema-graph\">{\"@context\":\"https:\/\/schema.org\",\"@graph\":[{\"@type\":\"WebPage\",\"@id\":\"https:\/\/richmondclinicbrussels.be\/behandelingen\/prp-therapie\/\",\"url\":\"https:\/\/richmondclinicbrussels.be\/behandelingen\/prp-therapie\/\",\"name\":\"PRP Behandeling in Brussel \u2013 Effectieve Huidverjonging\",\"isPartOf\":{\"@id\":\"https:\/\/richmondclinicbrussels.be\/#website\"},\"datePublished\":\"2025-10-10T10:25:58+00:00\",\"dateModified\":\"2025-11-10T11:29:57+00:00\",\"description\":\"Ontdek de voordelen van PRP behandeling bij Richmond Clinic Brussels. Professionele PRP Brussel therapie voor huidverjonging en haarherstel.\",\"breadcrumb\":{\"@id\":\"https:\/\/richmondclinicbrussels.be\/behandelingen\/prp-therapie\/#breadcrumb\"},\"inLanguage\":\"fr-BE\",\"potentialAction\":[{\"@type\":\"ReadAction\",\"target\":[\"https:\/\/richmondclinicbrussels.be\/behandelingen\/prp-therapie\/\"]}]},{\"@type\":\"BreadcrumbList\",\"@id\":\"https:\/\/richmondclinicbrussels.be\/behandelingen\/prp-therapie\/#breadcrumb\",\"itemListElement\":[{\"@type\":\"ListItem\",\"position\":1,\"name\":\"Home\",\"item\":\"https:\/\/richmondclinicbrussels.be\/\"},{\"@type\":\"ListItem\",\"position\":2,\"name\":\"BEHANDELINGEN\",\"item\":\"https:\/\/richmondclinicbrussels.be\/behandelingen\/\"},{\"@type\":\"ListItem\",\"position\":3,\"name\":\"PRP-Therapie\"}]},{\"@type\":\"WebSite\",\"@id\":\"https:\/\/richmondclinicbrussels.be\/#website\",\"url\":\"https:\/\/richmondclinicbrussels.be\/\",\"name\":\"Laser\",\"description\":\"Richmond Kliniek Brussel\",\"publisher\":{\"@id\":\"https:\/\/richmondclinicbrussels.be\/#organization\"},\"potentialAction\":[{\"@type\":\"SearchAction\",\"target\":{\"@type\":\"EntryPoint\",\"urlTemplate\":\"https:\/\/richmondclinicbrussels.be\/?s={search_term_string}\"},\"query-input\":{\"@type\":\"PropertyValueSpecification\",\"valueRequired\":true,\"valueName\":\"search_term_string\"}}],\"inLanguage\":\"fr-BE\"},{\"@type\":\"Organization\",\"@id\":\"https:\/\/richmondclinicbrussels.be\/#organization\",\"name\":\"Laser\",\"url\":\"https:\/\/richmondclinicbrussels.be\/\",\"logo\":{\"@type\":\"ImageObject\",\"inLanguage\":\"fr-BE\",\"@id\":\"https:\/\/richmondclinicbrussels.be\/#\/schema\/logo\/image\/\",\"url\":\"https:\/\/richmondclinicbrussels.be\/wp-content\/uploads\/2025\/10\/logo.png\",\"contentUrl\":\"https:\/\/richmondclinicbrussels.be\/wp-content\/uploads\/2025\/10\/logo.png\",\"width\":197,\"height\":110,\"caption\":\"Laser\"},\"image\":{\"@id\":\"https:\/\/richmondclinicbrussels.be\/#\/schema\/logo\/image\/\"}}]}<\/script>\n<!-- \/ Yoast SEO plugin. -->","yoast_head_json":{"title":"PRP Behandeling in Brussel \u2013 Effectieve Huidverjonging","description":"Ontdek de voordelen van PRP behandeling bij Richmond Clinic Brussels. Professionele PRP Brussel therapie voor huidverjonging en haarherstel.","robots":{"index":"index","follow":"follow","max-snippet":"max-snippet:-1","max-image-preview":"max-image-preview:large","max-video-preview":"max-video-preview:-1"},"canonical":"https:\/\/richmondclinicbrussels.be\/fr\/behandelingen\/prp-therapie\/","og_locale":"fr_FR","og_type":"article","og_title":"PRP Behandeling in Brussel \u2013 Effectieve Huidverjonging","og_description":"Ontdek de voordelen van PRP behandeling bij Richmond Clinic Brussels. Professionele PRP Brussel therapie voor huidverjonging en haarherstel.","og_url":"https:\/\/richmondclinicbrussels.be\/fr\/behandelingen\/prp-therapie\/","og_site_name":"Laser","article_modified_time":"2025-11-10T11:29:57+00:00","twitter_card":"summary_large_image","twitter_misc":{"Dur\u00e9e de lecture est.":"1 minute"},"schema":{"@context":"https:\/\/schema.org","@graph":[{"@type":"WebPage","@id":"https:\/\/richmondclinicbrussels.be\/behandelingen\/prp-therapie\/","url":"https:\/\/richmondclinicbrussels.be\/behandelingen\/prp-therapie\/","name":"PRP Behandeling in Brussel \u2013 Effectieve Huidverjonging","isPartOf":{"@id":"https:\/\/richmondclinicbrussels.be\/#website"},"datePublished":"2025-10-10T10:25:58+00:00","dateModified":"2025-11-10T11:29:57+00:00","description":"Ontdek de voordelen van PRP behandeling bij Richmond Clinic Brussels. Professionele PRP Brussel therapie voor huidverjonging en haarherstel.","breadcrumb":{"@id":"https:\/\/richmondclinicbrussels.be\/behandelingen\/prp-therapie\/#breadcrumb"},"inLanguage":"fr-BE","potentialAction":[{"@type":"ReadAction","target":["https:\/\/richmondclinicbrussels.be\/behandelingen\/prp-therapie\/"]}]},{"@type":"BreadcrumbList","@id":"https:\/\/richmondclinicbrussels.be\/behandelingen\/prp-therapie\/#breadcrumb","itemListElement":[{"@type":"ListItem","position":1,"name":"Home","item":"https:\/\/richmondclinicbrussels.be\/"},{"@type":"ListItem","position":2,"name":"BEHANDELINGEN","item":"https:\/\/richmondclinicbrussels.be\/behandelingen\/"},{"@type":"ListItem","position":3,"name":"PRP-Therapie"}]},{"@type":"WebSite","@id":"https:\/\/richmondclinicbrussels.be\/#website","url":"https:\/\/richmondclinicbrussels.be\/","name":"Laser","description":"Richmond Kliniek Brussel","publisher":{"@id":"https:\/\/richmondclinicbrussels.be\/#organization"},"potentialAction":[{"@type":"SearchAction","target":{"@type":"EntryPoint","urlTemplate":"https:\/\/richmondclinicbrussels.be\/?s={search_term_string}"},"query-input":{"@type":"PropertyValueSpecification","valueRequired":true,"valueName":"search_term_string"}}],"inLanguage":"fr-BE"},{"@type":"Organization","@id":"https:\/\/richmondclinicbrussels.be\/#organization","name":"Laser","url":"https:\/\/richmondclinicbrussels.be\/","logo":{"@type":"ImageObject","inLanguage":"fr-BE","@id":"https:\/\/richmondclinicbrussels.be\/#\/schema\/logo\/image\/","url":"https:\/\/richmondclinicbrussels.be\/wp-content\/uploads\/2025\/10\/logo.png","contentUrl":"https:\/\/richmondclinicbrussels.be\/wp-content\/uploads\/2025\/10\/logo.png","width":197,"height":110,"caption":"Laser"},"image":{"@id":"https:\/\/richmondclinicbrussels.be\/#\/schema\/logo\/image\/"}}]}},"_links":{"self":[{"href":"https:\/\/richmondclinicbrussels.be\/fr\/wp-json\/wp\/v2\/pages\/824","targetHints":{"allow":["GET"]}}],"collection":[{"href":"https:\/\/richmondclinicbrussels.be\/fr\/wp-json\/wp\/v2\/pages"}],"about":[{"href":"https:\/\/richmondclinicbrussels.be\/fr\/wp-json\/wp\/v2\/types\/page"}],"author":[{"embeddable":true,"href":"https:\/\/richmondclinicbrussels.be\/fr\/wp-json\/wp\/v2\/users\/1"}],"replies":[{"embeddable":true,"href":"https:\/\/richmondclinicbrussels.be\/fr\/wp-json\/wp\/v2\/comments?post=824"}],"version-history":[{"count":1,"href":"https:\/\/richmondclinicbrussels.be\/fr\/wp-json\/wp\/v2\/pages\/824\/revisions"}],"predecessor-version":[{"id":1653,"href":"https:\/\/richmondclinicbrussels.be\/fr\/wp-json\/wp\/v2\/pages\/824\/revisions\/1653"}],"up":[{"embeddable":true,"href":"https:\/\/richmondclinicbrussels.be\/fr\/wp-json\/wp\/v2\/pages\/15"}],"wp:attachment":[{"href":"https:\/\/richmondclinicbrussels.be\/fr\/wp-json\/wp\/v2\/media?parent=824"}],"curies":[{"name":"wp","href":"https:\/\/api.w.org\/{rel}","templated":true}]}}