{"id":786,"date":"2025-10-10T09:46:37","date_gmt":"2025-10-10T09:46:37","guid":{"rendered":"https:\/\/richmondclinicbrussels.be\/?page_id=786"},"modified":"2025-11-10T11:55:36","modified_gmt":"2025-11-10T11:55:36","slug":"laserontharing","status":"publish","type":"page","link":"https:\/\/richmondclinicbrussels.be\/fr\/behandelingen\/laserontharing\/","title":{"rendered":"\u00c9pilation au laser"},"content":{"rendered":"<div data-elementor-type=\"wp-page\" data-elementor-id=\"786\" class=\"elementor elementor-786\" data-elementor-settings=\"{&quot;element_pack_global_tooltip_width&quot;:{&quot;unit&quot;:&quot;px&quot;,&quot;size&quot;:&quot;&quot;,&quot;sizes&quot;:[]},&quot;element_pack_global_tooltip_width_tablet&quot;:{&quot;unit&quot;:&quot;px&quot;,&quot;size&quot;:&quot;&quot;,&quot;sizes&quot;:[]},&quot;element_pack_global_tooltip_width_mobile&quot;:{&quot;unit&quot;:&quot;px&quot;,&quot;size&quot;:&quot;&quot;,&quot;sizes&quot;:[]},&quot;element_pack_global_tooltip_padding&quot;:{&quot;unit&quot;:&quot;px&quot;,&quot;top&quot;:&quot;&quot;,&quot;right&quot;:&quot;&quot;,&quot;bottom&quot;:&quot;&quot;,&quot;left&quot;:&quot;&quot;,&quot;isLinked&quot;:true},&quot;element_pack_global_tooltip_padding_tablet&quot;:{&quot;unit&quot;:&quot;px&quot;,&quot;top&quot;:&quot;&quot;,&quot;right&quot;:&quot;&quot;,&quot;bottom&quot;:&quot;&quot;,&quot;left&quot;:&quot;&quot;,&quot;isLinked&quot;:true},&quot;element_pack_global_tooltip_padding_mobile&quot;:{&quot;unit&quot;:&quot;px&quot;,&quot;top&quot;:&quot;&quot;,&quot;right&quot;:&quot;&quot;,&quot;bottom&quot;:&quot;&quot;,&quot;left&quot;:&quot;&quot;,&quot;isLinked&quot;:true},&quot;element_pack_global_tooltip_border_radius&quot;:{&quot;unit&quot;:&quot;px&quot;,&quot;top&quot;:&quot;&quot;,&quot;right&quot;:&quot;&quot;,&quot;bottom&quot;:&quot;&quot;,&quot;left&quot;:&quot;&quot;,&quot;isLinked&quot;:true},&quot;element_pack_global_tooltip_border_radius_tablet&quot;:{&quot;unit&quot;:&quot;px&quot;,&quot;top&quot;:&quot;&quot;,&quot;right&quot;:&quot;&quot;,&quot;bottom&quot;:&quot;&quot;,&quot;left&quot;:&quot;&quot;,&quot;isLinked&quot;:true},&quot;element_pack_global_tooltip_border_radius_mobile&quot;:{&quot;unit&quot;:&quot;px&quot;,&quot;top&quot;:&quot;&quot;,&quot;right&quot;:&quot;&quot;,&quot;bottom&quot;:&quot;&quot;,&quot;left&quot;:&quot;&quot;,&quot;isLinked&quot;:true}}\" data-elementor-post-type=\"page\">\n\t\t\t\t\t\t<section class=\"elementor-section elementor-top-section elementor-element elementor-element-22d16e5f elementor-section-height-min-height elementor-section-boxed elementor-section-height-default elementor-section-items-middle\" data-id=\"22d16e5f\" data-element_type=\"section\" data-settings=\"{&quot;background_background&quot;:&quot;classic&quot;}\">\n\t\t\t\t\t\t<div class=\"elementor-container elementor-column-gap-no\">\n\t\t\t\t\t<div class=\"elementor-column elementor-col-100 elementor-top-column elementor-element elementor-element-6692e874\" data-id=\"6692e874\" data-element_type=\"column\">\n\t\t\t<div class=\"elementor-widget-wrap elementor-element-populated\">\n\t\t\t\t\t\t<section class=\"elementor-section elementor-inner-section elementor-element elementor-element-23eea349 elementor-section-full_width elementor-section-height-default elementor-section-height-default\" data-id=\"23eea349\" data-element_type=\"section\">\n\t\t\t\t\t\t<div class=\"elementor-container elementor-column-gap-no\">\n\t\t\t\t\t<div class=\"elementor-column elementor-col-50 elementor-inner-column elementor-element elementor-element-5d8469fa\" data-id=\"5d8469fa\" data-element_type=\"column\" data-settings=\"{&quot;background_background&quot;:&quot;classic&quot;}\">\n\t\t\t<div class=\"elementor-widget-wrap elementor-element-populated\">\n\t\t\t\t\t\t<div class=\"elementor-element elementor-element-2d0c081c elementor-widget__width-inherit elementor-widget-mobile__width-inherit elementor-invisible elementor-widget elementor-widget-heading\" data-id=\"2d0c081c\" data-element_type=\"widget\" data-settings=\"{&quot;_animation&quot;:&quot;slideInUp&quot;,&quot;_animation_delay&quot;:500}\" data-widget_type=\"heading.default\">\n\t\t\t\t\t<h2 class=\"elementor-heading-title elementor-size-default\">\u00c9pilation au laser rapide et indolore\n<\/h2>\t\t\t\t<\/div>\n\t\t\t\t<div class=\"elementor-element elementor-element-2fba8896 elementor-invisible elementor-widget elementor-widget-text-editor\" data-id=\"2fba8896\" data-element_type=\"widget\" data-settings=\"{&quot;_animation&quot;:&quot;fadeInUp&quot;,&quot;_animation_delay&quot;:500}\" data-widget_type=\"text-editor.default\">\n\t\t\t\t\t\t\t\t\t<p data-start=\"344\" data-end=\"507\" class=\"translation-block\">D\u00e9couvrez une peau douce et sans poils gr\u00e2ce au laser diode ICE de derni\u00e8re g\u00e9n\u00e9ration \u2014 une m\u00e9thode s\u00fbre, efficace et quasiment indolore pour une r\u00e9duction permanente de la pilosit\u00e9.<\/p><p data-start=\"509\" data-end=\"760\">De Diode Ice-laser werkt met <strong data-start=\"538\" data-end=\"563\">gerichte lichtenergie<\/strong> die de <strong data-start=\"571\" data-end=\"612\">haarfollikels verwarmt en uitschakelt<\/strong>, zonder de omliggende huid te beschadigen. Dankzij de ingebouwde <strong data-start=\"678\" data-end=\"697\">koeltechnologie<\/strong> blijft de behandeling comfortabel, zelfs op gevoelige zones.<\/p><p data-start=\"762\" data-end=\"1052\" class=\"translation-block\">Cette technique convient aussi bien aux grandes zones du corps (comme les jambes, les bras ou le dos) qu\u2019aux zones plus d\u00e9licates (comme le visage ou les aisselles).\nPour garantir un r\u00e9sultat optimal et durable, le traitement est r\u00e9alis\u00e9 en plusieurs s\u00e9ances, adapt\u00e9es \u00e0 votre type de poil et \u00e0 l\u2019\u00e9tat de votre peau.<\/p><h3 data-start=\"1059\" data-end=\"1079\">Avantages<\/h3><p data-start=\"1080\" data-end=\"1216\" class=\"translation-block\">\u2022 S\u00fbr, efficace et quasiment indolore\n\u2022 Convient \u00e0 tous les types de peau\n\u2022 Une peau lisse et sans poils, durablement\n\u2022 Aucune p\u00e9riode de r\u00e9cup\u00e9ration requise<\/p><p data-start=\"1223\" data-end=\"1335\">\ud83d\udc9b <strong data-start=\"1226\" data-end=\"1240\">R\u00e9sultat<\/strong><br data-start=\"1240\" data-end=\"1243\" \/>Een <strong data-start=\"1247\" data-end=\"1282\">zachte, egale en haarvrije huid<\/strong> \u2014 comfortabel en duurzaam, met een vleugje luxe.<\/p>\t\t\t\t\t\t\t\t<\/div>\n\t\t\t\t\t<\/div>\n\t\t<\/div>\n\t\t\t\t<div class=\"elementor-column elementor-col-50 elementor-inner-column elementor-element elementor-element-5ad8ac01\" data-id=\"5ad8ac01\" data-element_type=\"column\">\n\t\t\t<div class=\"elementor-widget-wrap\">\n\t\t\t\t\t\t\t<\/div>\n\t\t<\/div>\n\t\t\t\t\t<\/div>\n\t\t<\/section>\n\t\t\t\t\t<\/div>\n\t\t<\/div>\n\t\t\t\t\t<\/div>\n\t\t<\/section>\n\t\t\t\t<section class=\"elementor-section elementor-top-section elementor-element elementor-element-206083b1 elementor-section-height-min-height elementor-section-boxed elementor-section-height-default elementor-section-items-middle\" data-id=\"206083b1\" data-element_type=\"section\" data-settings=\"{&quot;background_background&quot;:&quot;classic&quot;}\">\n\t\t\t\t\t\t<div class=\"elementor-container elementor-column-gap-default\">\n\t\t\t\t\t<div class=\"elementor-column elementor-col-100 elementor-top-column elementor-element elementor-element-6745e3e2\" data-id=\"6745e3e2\" data-element_type=\"column\">\n\t\t\t<div class=\"elementor-widget-wrap elementor-element-populated\">\n\t\t\t\t\t\t<div class=\"elementor-element elementor-element-62a7dd4 elementor-invisible elementor-widget elementor-widget-heading\" data-id=\"62a7dd4\" data-element_type=\"widget\" data-settings=\"{&quot;_animation&quot;:&quot;fadeIn&quot;,&quot;_animation_delay&quot;:0}\" data-widget_type=\"heading.default\">\n\t\t\t\t\t<h2 class=\"elementor-heading-title elementor-size-default\">Conseils post-traitement<\/h2>\t\t\t\t<\/div>\n\t\t\t\t<div class=\"elementor-element elementor-element-28f137aa elementor-invisible elementor-widget elementor-widget-text-editor\" data-id=\"28f137aa\" data-element_type=\"widget\" data-settings=\"{&quot;_animation&quot;:&quot;fadeInUp&quot;,&quot;_animation_delay&quot;:500}\" data-widget_type=\"text-editor.default\">\n\t\t\t\t\t\t\t\t\t<ul><li><p>\u00c9vitez l\u2019exposition au soleil avant et apr\u00e8s le traitement.<\/p><\/li><li><p>Appliquez de l\u2019aloe vera apaisant ou un gel rafra\u00eechissant.<\/p><\/li><li><p>Exfoliez d\u00e9licatement apr\u00e8s 3 \u00e0 4 jours.<\/p><\/li><\/ul>\t\t\t\t\t\t\t\t<\/div>\n\t\t\t\t\t<\/div>\n\t\t<\/div>\n\t\t\t\t\t<\/div>\n\t\t<\/section>\n\t\t\t\t<\/div>","protected":false},"excerpt":{"rendered":"<p>Snelle en pijnloze laserontharing Ervaar zachte, haarvrije huid dankzij de geavanceerde Diode Ice-laser \u2014 een veilige, effectieve en vrijwel pijnloze methode voor permanente haarreductie. De Diode Ice-laser werkt met gerichte lichtenergie die de haarfollikels verwarmt en uitschakelt, zonder de omliggende huid te beschadigen. Dankzij de ingebouwde koeltechnologie blijft de behandeling comfortabel, zelfs op gevoelige zones. [&hellip;]<\/p>","protected":false},"author":1,"featured_media":0,"parent":15,"menu_order":0,"comment_status":"closed","ping_status":"closed","template":"","meta":{"footnotes":""},"class_list":["post-786","page","type-page","status-publish","hentry"],"yoast_head":"<!-- This site is optimized with the Yoast SEO plugin v26.3 - https:\/\/yoast.com\/wordpress\/plugins\/seo\/ -->\n<title>Laserontharing Brussel \u2013 Gladde Huid Zonder Ongewenst Haar<\/title>\n<meta name=\"description\" content=\"Ontdek Laserontharing Brussel bij Richmond Clinic Brussels. Geniet van een zijdezachte huid met veilige, effectieve en langdurige resultaten.\" \/>\n<meta name=\"robots\" content=\"index, follow, max-snippet:-1, max-image-preview:large, max-video-preview:-1\" \/>\n<link rel=\"canonical\" href=\"https:\/\/richmondclinicbrussels.be\/fr\/behandelingen\/laserontharing\/\" \/>\n<meta property=\"og:locale\" content=\"fr_FR\" \/>\n<meta property=\"og:type\" content=\"article\" \/>\n<meta property=\"og:title\" content=\"Laserontharing Brussel \u2013 Gladde Huid Zonder Ongewenst Haar\" \/>\n<meta property=\"og:description\" content=\"Ontdek Laserontharing Brussel bij Richmond Clinic Brussels. Geniet van een zijdezachte huid met veilige, effectieve en langdurige resultaten.\" \/>\n<meta property=\"og:url\" content=\"https:\/\/richmondclinicbrussels.be\/fr\/behandelingen\/laserontharing\/\" \/>\n<meta property=\"og:site_name\" content=\"Laser\" \/>\n<meta property=\"article:modified_time\" content=\"2025-11-10T11:55:36+00:00\" \/>\n<meta name=\"twitter:card\" content=\"summary_large_image\" \/>\n<meta name=\"twitter:label1\" content=\"Dur\u00e9e de lecture est.\" \/>\n\t<meta name=\"twitter:data1\" content=\"1 minute\" \/>\n<script type=\"application\/ld+json\" class=\"yoast-schema-graph\">{\"@context\":\"https:\/\/schema.org\",\"@graph\":[{\"@type\":\"WebPage\",\"@id\":\"https:\/\/richmondclinicbrussels.be\/behandelingen\/laserontharing\/\",\"url\":\"https:\/\/richmondclinicbrussels.be\/behandelingen\/laserontharing\/\",\"name\":\"Laserontharing Brussel \u2013 Gladde Huid Zonder Ongewenst Haar\",\"isPartOf\":{\"@id\":\"https:\/\/richmondclinicbrussels.be\/#website\"},\"datePublished\":\"2025-10-10T09:46:37+00:00\",\"dateModified\":\"2025-11-10T11:55:36+00:00\",\"description\":\"Ontdek Laserontharing Brussel bij Richmond Clinic Brussels. Geniet van een zijdezachte huid met veilige, effectieve en langdurige resultaten.\",\"breadcrumb\":{\"@id\":\"https:\/\/richmondclinicbrussels.be\/behandelingen\/laserontharing\/#breadcrumb\"},\"inLanguage\":\"fr-BE\",\"potentialAction\":[{\"@type\":\"ReadAction\",\"target\":[\"https:\/\/richmondclinicbrussels.be\/behandelingen\/laserontharing\/\"]}]},{\"@type\":\"BreadcrumbList\",\"@id\":\"https:\/\/richmondclinicbrussels.be\/behandelingen\/laserontharing\/#breadcrumb\",\"itemListElement\":[{\"@type\":\"ListItem\",\"position\":1,\"name\":\"Home\",\"item\":\"https:\/\/richmondclinicbrussels.be\/\"},{\"@type\":\"ListItem\",\"position\":2,\"name\":\"BEHANDELINGEN\",\"item\":\"https:\/\/richmondclinicbrussels.be\/behandelingen\/\"},{\"@type\":\"ListItem\",\"position\":3,\"name\":\"Laserontharing\"}]},{\"@type\":\"WebSite\",\"@id\":\"https:\/\/richmondclinicbrussels.be\/#website\",\"url\":\"https:\/\/richmondclinicbrussels.be\/\",\"name\":\"Laser\",\"description\":\"Richmond Kliniek Brussel\",\"publisher\":{\"@id\":\"https:\/\/richmondclinicbrussels.be\/#organization\"},\"potentialAction\":[{\"@type\":\"SearchAction\",\"target\":{\"@type\":\"EntryPoint\",\"urlTemplate\":\"https:\/\/richmondclinicbrussels.be\/?s={search_term_string}\"},\"query-input\":{\"@type\":\"PropertyValueSpecification\",\"valueRequired\":true,\"valueName\":\"search_term_string\"}}],\"inLanguage\":\"fr-BE\"},{\"@type\":\"Organization\",\"@id\":\"https:\/\/richmondclinicbrussels.be\/#organization\",\"name\":\"Laser\",\"url\":\"https:\/\/richmondclinicbrussels.be\/\",\"logo\":{\"@type\":\"ImageObject\",\"inLanguage\":\"fr-BE\",\"@id\":\"https:\/\/richmondclinicbrussels.be\/#\/schema\/logo\/image\/\",\"url\":\"https:\/\/richmondclinicbrussels.be\/wp-content\/uploads\/2025\/10\/logo.png\",\"contentUrl\":\"https:\/\/richmondclinicbrussels.be\/wp-content\/uploads\/2025\/10\/logo.png\",\"width\":197,\"height\":110,\"caption\":\"Laser\"},\"image\":{\"@id\":\"https:\/\/richmondclinicbrussels.be\/#\/schema\/logo\/image\/\"}}]}<\/script>\n<!-- \/ Yoast SEO plugin. -->","yoast_head_json":{"title":"Laserontharing Brussel \u2013 Gladde Huid Zonder Ongewenst Haar","description":"Ontdek Laserontharing Brussel bij Richmond Clinic Brussels. Geniet van een zijdezachte huid met veilige, effectieve en langdurige resultaten.","robots":{"index":"index","follow":"follow","max-snippet":"max-snippet:-1","max-image-preview":"max-image-preview:large","max-video-preview":"max-video-preview:-1"},"canonical":"https:\/\/richmondclinicbrussels.be\/fr\/behandelingen\/laserontharing\/","og_locale":"fr_FR","og_type":"article","og_title":"Laserontharing Brussel \u2013 Gladde Huid Zonder Ongewenst Haar","og_description":"Ontdek Laserontharing Brussel bij Richmond Clinic Brussels. Geniet van een zijdezachte huid met veilige, effectieve en langdurige resultaten.","og_url":"https:\/\/richmondclinicbrussels.be\/fr\/behandelingen\/laserontharing\/","og_site_name":"Laser","article_modified_time":"2025-11-10T11:55:36+00:00","twitter_card":"summary_large_image","twitter_misc":{"Dur\u00e9e de lecture est.":"1 minute"},"schema":{"@context":"https:\/\/schema.org","@graph":[{"@type":"WebPage","@id":"https:\/\/richmondclinicbrussels.be\/behandelingen\/laserontharing\/","url":"https:\/\/richmondclinicbrussels.be\/behandelingen\/laserontharing\/","name":"Laserontharing Brussel \u2013 Gladde Huid Zonder Ongewenst Haar","isPartOf":{"@id":"https:\/\/richmondclinicbrussels.be\/#website"},"datePublished":"2025-10-10T09:46:37+00:00","dateModified":"2025-11-10T11:55:36+00:00","description":"Ontdek Laserontharing Brussel bij Richmond Clinic Brussels. Geniet van een zijdezachte huid met veilige, effectieve en langdurige resultaten.","breadcrumb":{"@id":"https:\/\/richmondclinicbrussels.be\/behandelingen\/laserontharing\/#breadcrumb"},"inLanguage":"fr-BE","potentialAction":[{"@type":"ReadAction","target":["https:\/\/richmondclinicbrussels.be\/behandelingen\/laserontharing\/"]}]},{"@type":"BreadcrumbList","@id":"https:\/\/richmondclinicbrussels.be\/behandelingen\/laserontharing\/#breadcrumb","itemListElement":[{"@type":"ListItem","position":1,"name":"Home","item":"https:\/\/richmondclinicbrussels.be\/"},{"@type":"ListItem","position":2,"name":"BEHANDELINGEN","item":"https:\/\/richmondclinicbrussels.be\/behandelingen\/"},{"@type":"ListItem","position":3,"name":"Laserontharing"}]},{"@type":"WebSite","@id":"https:\/\/richmondclinicbrussels.be\/#website","url":"https:\/\/richmondclinicbrussels.be\/","name":"Laser","description":"Richmond Kliniek Brussel","publisher":{"@id":"https:\/\/richmondclinicbrussels.be\/#organization"},"potentialAction":[{"@type":"SearchAction","target":{"@type":"EntryPoint","urlTemplate":"https:\/\/richmondclinicbrussels.be\/?s={search_term_string}"},"query-input":{"@type":"PropertyValueSpecification","valueRequired":true,"valueName":"search_term_string"}}],"inLanguage":"fr-BE"},{"@type":"Organization","@id":"https:\/\/richmondclinicbrussels.be\/#organization","name":"Laser","url":"https:\/\/richmondclinicbrussels.be\/","logo":{"@type":"ImageObject","inLanguage":"fr-BE","@id":"https:\/\/richmondclinicbrussels.be\/#\/schema\/logo\/image\/","url":"https:\/\/richmondclinicbrussels.be\/wp-content\/uploads\/2025\/10\/logo.png","contentUrl":"https:\/\/richmondclinicbrussels.be\/wp-content\/uploads\/2025\/10\/logo.png","width":197,"height":110,"caption":"Laser"},"image":{"@id":"https:\/\/richmondclinicbrussels.be\/#\/schema\/logo\/image\/"}}]}},"_links":{"self":[{"href":"https:\/\/richmondclinicbrussels.be\/fr\/wp-json\/wp\/v2\/pages\/786","targetHints":{"allow":["GET"]}}],"collection":[{"href":"https:\/\/richmondclinicbrussels.be\/fr\/wp-json\/wp\/v2\/pages"}],"about":[{"href":"https:\/\/richmondclinicbrussels.be\/fr\/wp-json\/wp\/v2\/types\/page"}],"author":[{"embeddable":true,"href":"https:\/\/richmondclinicbrussels.be\/fr\/wp-json\/wp\/v2\/users\/1"}],"replies":[{"embeddable":true,"href":"https:\/\/richmondclinicbrussels.be\/fr\/wp-json\/wp\/v2\/comments?post=786"}],"version-history":[{"count":1,"href":"https:\/\/richmondclinicbrussels.be\/fr\/wp-json\/wp\/v2\/pages\/786\/revisions"}],"predecessor-version":[{"id":1658,"href":"https:\/\/richmondclinicbrussels.be\/fr\/wp-json\/wp\/v2\/pages\/786\/revisions\/1658"}],"up":[{"embeddable":true,"href":"https:\/\/richmondclinicbrussels.be\/fr\/wp-json\/wp\/v2\/pages\/15"}],"wp:attachment":[{"href":"https:\/\/richmondclinicbrussels.be\/fr\/wp-json\/wp\/v2\/media?parent=786"}],"curies":[{"name":"wp","href":"https:\/\/api.w.org\/{rel}","templated":true}]}}