{"id":703,"date":"2025-10-10T07:40:32","date_gmt":"2025-10-10T07:40:32","guid":{"rendered":"https:\/\/richmondclinicbrussels.be\/?page_id=703"},"modified":"2025-11-10T11:51:06","modified_gmt":"2025-11-10T11:51:06","slug":"hifu","status":"publish","type":"page","link":"https:\/\/richmondclinicbrussels.be\/fr\/behandelingen\/hifu\/","title":{"rendered":"HIFU"},"content":{"rendered":"<div data-elementor-type=\"wp-page\" data-elementor-id=\"703\" class=\"elementor elementor-703\" data-elementor-settings=\"{&quot;element_pack_global_tooltip_width&quot;:{&quot;unit&quot;:&quot;px&quot;,&quot;size&quot;:&quot;&quot;,&quot;sizes&quot;:[]},&quot;element_pack_global_tooltip_width_tablet&quot;:{&quot;unit&quot;:&quot;px&quot;,&quot;size&quot;:&quot;&quot;,&quot;sizes&quot;:[]},&quot;element_pack_global_tooltip_width_mobile&quot;:{&quot;unit&quot;:&quot;px&quot;,&quot;size&quot;:&quot;&quot;,&quot;sizes&quot;:[]},&quot;element_pack_global_tooltip_padding&quot;:{&quot;unit&quot;:&quot;px&quot;,&quot;top&quot;:&quot;&quot;,&quot;right&quot;:&quot;&quot;,&quot;bottom&quot;:&quot;&quot;,&quot;left&quot;:&quot;&quot;,&quot;isLinked&quot;:true},&quot;element_pack_global_tooltip_padding_tablet&quot;:{&quot;unit&quot;:&quot;px&quot;,&quot;top&quot;:&quot;&quot;,&quot;right&quot;:&quot;&quot;,&quot;bottom&quot;:&quot;&quot;,&quot;left&quot;:&quot;&quot;,&quot;isLinked&quot;:true},&quot;element_pack_global_tooltip_padding_mobile&quot;:{&quot;unit&quot;:&quot;px&quot;,&quot;top&quot;:&quot;&quot;,&quot;right&quot;:&quot;&quot;,&quot;bottom&quot;:&quot;&quot;,&quot;left&quot;:&quot;&quot;,&quot;isLinked&quot;:true},&quot;element_pack_global_tooltip_border_radius&quot;:{&quot;unit&quot;:&quot;px&quot;,&quot;top&quot;:&quot;&quot;,&quot;right&quot;:&quot;&quot;,&quot;bottom&quot;:&quot;&quot;,&quot;left&quot;:&quot;&quot;,&quot;isLinked&quot;:true},&quot;element_pack_global_tooltip_border_radius_tablet&quot;:{&quot;unit&quot;:&quot;px&quot;,&quot;top&quot;:&quot;&quot;,&quot;right&quot;:&quot;&quot;,&quot;bottom&quot;:&quot;&quot;,&quot;left&quot;:&quot;&quot;,&quot;isLinked&quot;:true},&quot;element_pack_global_tooltip_border_radius_mobile&quot;:{&quot;unit&quot;:&quot;px&quot;,&quot;top&quot;:&quot;&quot;,&quot;right&quot;:&quot;&quot;,&quot;bottom&quot;:&quot;&quot;,&quot;left&quot;:&quot;&quot;,&quot;isLinked&quot;:true}}\" data-elementor-post-type=\"page\">\n\t\t\t\t\t\t<section class=\"elementor-section elementor-top-section elementor-element elementor-element-7cc55e6 elementor-section-height-min-height elementor-section-boxed elementor-section-height-default elementor-section-items-middle\" data-id=\"7cc55e6\" data-element_type=\"section\" data-settings=\"{&quot;background_background&quot;:&quot;classic&quot;}\">\n\t\t\t\t\t\t<div class=\"elementor-container elementor-column-gap-no\">\n\t\t\t\t\t<div class=\"elementor-column elementor-col-100 elementor-top-column elementor-element elementor-element-3202648\" data-id=\"3202648\" data-element_type=\"column\">\n\t\t\t<div class=\"elementor-widget-wrap elementor-element-populated\">\n\t\t\t\t\t\t<section class=\"elementor-section elementor-inner-section elementor-element elementor-element-dc715c8 elementor-section-full_width elementor-section-height-default elementor-section-height-default\" data-id=\"dc715c8\" data-element_type=\"section\">\n\t\t\t\t\t\t<div class=\"elementor-container elementor-column-gap-no\">\n\t\t\t\t\t<div class=\"elementor-column elementor-col-50 elementor-inner-column elementor-element elementor-element-d56530c\" data-id=\"d56530c\" data-element_type=\"column\" data-settings=\"{&quot;background_background&quot;:&quot;classic&quot;}\">\n\t\t\t<div class=\"elementor-widget-wrap elementor-element-populated\">\n\t\t\t\t\t\t<div class=\"elementor-element elementor-element-6009338 elementor-widget__width-initial elementor-widget-mobile__width-inherit elementor-invisible elementor-widget elementor-widget-heading\" data-id=\"6009338\" data-element_type=\"widget\" data-settings=\"{&quot;_animation&quot;:&quot;slideInUp&quot;,&quot;_animation_delay&quot;:500}\" data-widget_type=\"heading.default\">\n\t\t\t\t\t<h2 class=\"elementor-heading-title elementor-size-default\">HIFU - Lifting sans chirurgie \n<\/h2>\t\t\t\t<\/div>\n\t\t\t\t<div class=\"elementor-element elementor-element-8ca5500 elementor-invisible elementor-widget elementor-widget-text-editor\" data-id=\"8ca5500\" data-element_type=\"widget\" data-settings=\"{&quot;_animation&quot;:&quot;fadeInUp&quot;,&quot;_animation_delay&quot;:500}\" data-widget_type=\"text-editor.default\">\n\t\t\t\t\t\t\t\t\t<p data-start=\"348\" data-end=\"681\" class=\"translation-block\">Le HIFU (Ultrasons Focalis\u00e9s de Haute Intensit\u00e9) est un traitement avanc\u00e9 et non chirurgical qui raffermit, lifte et rajeunit la peau en stimulant la production de collag\u00e8ne et d\u2019\u00e9lastine.\nL\u2019\u00e9nergie des ondes ultrasoniques cibl\u00e9es p\u00e9n\u00e8tre en profondeur, pr\u00e9cis\u00e9ment l\u00e0 o\u00f9 la peau a besoin d\u2019\u00eatre retendue.<\/p><p>\u00a0<\/p><p data-start=\"683\" data-end=\"831\" class=\"translation-block\">Le HIFU convient aussi bien au visage, qu\u2019au cou et au corps (comme le ventre ou les bras), et offre un effet liftant visible \u2014 sans temps de r\u00e9cup\u00e9ration.<\/p>\t\t\t\t\t\t\t\t<\/div>\n\t\t\t\t<div class=\"elementor-element elementor-element-503f921 elementor-invisible elementor-widget elementor-widget-text-editor\" data-id=\"503f921\" data-element_type=\"widget\" data-settings=\"{&quot;_animation&quot;:&quot;fadeInUp&quot;,&quot;_animation_delay&quot;:500}\" data-widget_type=\"text-editor.default\">\n\t\t\t\t\t\t\t\t\t<h3 data-start=\"838\" data-end=\"858\">Avantages<\/h3><ul><li data-start=\"859\" data-end=\"1036\">Une alternative non invasive \u00e0 la chirurgie<\/li><li data-start=\"859\" data-end=\"1036\">Raffermit la peau rel\u00e2ch\u00e9e et red\u00e9finit les contours<\/li><li data-start=\"859\" data-end=\"1036\">R\u00e9duit les ridules et les rides<\/li><li data-start=\"859\" data-end=\"1036\">Des r\u00e9sultats durables et naturels<\/li><\/ul>\t\t\t\t\t\t\t\t<\/div>\n\t\t\t\t<div class=\"elementor-element elementor-element-fbed54e elementor-invisible elementor-widget elementor-widget-text-editor\" data-id=\"fbed54e\" data-element_type=\"widget\" data-settings=\"{&quot;_animation&quot;:&quot;fadeInUp&quot;,&quot;_animation_delay&quot;:500}\" data-widget_type=\"text-editor.default\">\n\t\t\t\t\t\t\t\t\t<h3 data-start=\"1043\" data-end=\"1088\">Effets secondaires possibles (temporaires) :<\/h3><ul><li data-start=\"1089\" data-end=\"1199\">L\u00e9g\u00e8res rougeurs ou gonflements<\/li><li data-start=\"1089\" data-end=\"1199\">Gevoeligheid of tintelingen<\/li><li data-start=\"1089\" data-end=\"1199\">Dans de rares cas, de petites ecchymoses l\u00e9g\u00e8res<\/li><\/ul><p>\u00a0<\/p><p data-start=\"1089\" data-end=\"1199\">\ud83d\udc9b <strong data-start=\"1209\" data-end=\"1223\">R\u00e9sultat<\/strong><\/p><p data-start=\"1089\" data-end=\"1199\" class=\"translation-block\">Une peau plus ferme, plus lisse et plus tonique, avec un effet lift naturel qui continue de se renforcer au fil des mois.<\/p>\t\t\t\t\t\t\t\t<\/div>\n\t\t\t\t\t<\/div>\n\t\t<\/div>\n\t\t\t\t<div class=\"elementor-column elementor-col-50 elementor-inner-column elementor-element elementor-element-340708a\" data-id=\"340708a\" data-element_type=\"column\">\n\t\t\t<div class=\"elementor-widget-wrap\">\n\t\t\t\t\t\t\t<\/div>\n\t\t<\/div>\n\t\t\t\t\t<\/div>\n\t\t<\/section>\n\t\t\t\t\t<\/div>\n\t\t<\/div>\n\t\t\t\t\t<\/div>\n\t\t<\/section>\n\t\t\t\t<section class=\"elementor-section elementor-top-section elementor-element elementor-element-0cb3c7d elementor-section-height-min-height elementor-section-boxed elementor-section-height-default elementor-section-items-middle\" data-id=\"0cb3c7d\" data-element_type=\"section\" data-settings=\"{&quot;background_background&quot;:&quot;classic&quot;}\">\n\t\t\t\t\t\t<div class=\"elementor-container elementor-column-gap-default\">\n\t\t\t\t\t<div class=\"elementor-column elementor-col-100 elementor-top-column elementor-element elementor-element-c9adc4f\" data-id=\"c9adc4f\" data-element_type=\"column\">\n\t\t\t<div class=\"elementor-widget-wrap elementor-element-populated\">\n\t\t\t\t\t\t<div class=\"elementor-element elementor-element-94e0cca elementor-invisible elementor-widget elementor-widget-heading\" data-id=\"94e0cca\" data-element_type=\"widget\" data-settings=\"{&quot;_animation&quot;:&quot;fadeIn&quot;,&quot;_animation_delay&quot;:0}\" data-widget_type=\"heading.default\">\n\t\t\t\t\t<h2 class=\"elementor-heading-title elementor-size-default\">Conseils post-traitement<\/h2>\t\t\t\t<\/div>\n\t\t\t\t<div class=\"elementor-element elementor-element-8d29b96 elementor-invisible elementor-widget elementor-widget-text-editor\" data-id=\"8d29b96\" data-element_type=\"widget\" data-settings=\"{&quot;_animation&quot;:&quot;fadeInUp&quot;,&quot;_animation_delay&quot;:500}\" data-widget_type=\"text-editor.default\">\n\t\t\t\t\t\t\t\t\t<p class=\"translation-block\">\u00c9vitez la chaleur et l\u2019exposition au soleil pendant les 24 heures suivant le traitement.\nMaintenez une bonne hydratation de la peau et utilisez des soins doux.\nLes r\u00e9sultats apparaissent progressivement et continuent de s\u2019am\u00e9liorer apr\u00e8s 2 \u00e0 3 mois.<\/p>\t\t\t\t\t\t\t\t<\/div>\n\t\t\t\t\t<\/div>\n\t\t<\/div>\n\t\t\t\t\t<\/div>\n\t\t<\/section>\n\t\t\t\t<\/div>","protected":false},"excerpt":{"rendered":"<p>HIFU \u2013 Lifting zonder chirurgie Hoge Intensiteit Gefocuste Ultrasound (HIFU) is een geavanceerde, niet-chirurgische behandeling die de huid verstevigt, lift en verjongt door de aanmaak van collageen en elastine te stimuleren.De energie van gerichte ultrasone golven dringt door tot in de diepere huidlagen \u2014 precies daar waar verstrakking nodig is. HIFU is geschikt voor het [&hellip;]<\/p>","protected":false},"author":1,"featured_media":0,"parent":15,"menu_order":0,"comment_status":"closed","ping_status":"closed","template":"elementor_header_footer","meta":{"footnotes":""},"class_list":["post-703","page","type-page","status-publish","hentry"],"yoast_head":"<!-- This site is optimized with the Yoast SEO plugin v26.3 - https:\/\/yoast.com\/wordpress\/plugins\/seo\/ -->\n<title>HIFU Brussel \u2013 Niet-Chirurgische Huidverstrakking<\/title>\n<meta name=\"description\" content=\"Ontdek HIFU Brussel bij Richmond Clinic Brussels. Lift en verstrak je huid zonder chirurgie voor een jonger, strakker en stralender uiterlijk.\" \/>\n<meta name=\"robots\" content=\"index, follow, max-snippet:-1, max-image-preview:large, max-video-preview:-1\" \/>\n<link rel=\"canonical\" href=\"https:\/\/richmondclinicbrussels.be\/fr\/behandelingen\/hifu\/\" \/>\n<meta property=\"og:locale\" content=\"fr_FR\" \/>\n<meta property=\"og:type\" content=\"article\" \/>\n<meta property=\"og:title\" content=\"HIFU Brussel \u2013 Niet-Chirurgische Huidverstrakking\" \/>\n<meta property=\"og:description\" content=\"Ontdek HIFU Brussel bij Richmond Clinic Brussels. Lift en verstrak je huid zonder chirurgie voor een jonger, strakker en stralender uiterlijk.\" \/>\n<meta property=\"og:url\" content=\"https:\/\/richmondclinicbrussels.be\/fr\/behandelingen\/hifu\/\" \/>\n<meta property=\"og:site_name\" content=\"Laser\" \/>\n<meta property=\"article:modified_time\" content=\"2025-11-10T11:51:06+00:00\" \/>\n<meta name=\"twitter:card\" content=\"summary_large_image\" \/>\n<meta name=\"twitter:label1\" content=\"Dur\u00e9e de lecture est.\" \/>\n\t<meta name=\"twitter:data1\" content=\"1 minute\" \/>\n<script type=\"application\/ld+json\" class=\"yoast-schema-graph\">{\"@context\":\"https:\/\/schema.org\",\"@graph\":[{\"@type\":\"WebPage\",\"@id\":\"https:\/\/richmondclinicbrussels.be\/behandelingen\/hifu\/\",\"url\":\"https:\/\/richmondclinicbrussels.be\/behandelingen\/hifu\/\",\"name\":\"HIFU Brussel \u2013 Niet-Chirurgische Huidverstrakking\",\"isPartOf\":{\"@id\":\"https:\/\/richmondclinicbrussels.be\/#website\"},\"datePublished\":\"2025-10-10T07:40:32+00:00\",\"dateModified\":\"2025-11-10T11:51:06+00:00\",\"description\":\"Ontdek HIFU Brussel bij Richmond Clinic Brussels. Lift en verstrak je huid zonder chirurgie voor een jonger, strakker en stralender uiterlijk.\",\"breadcrumb\":{\"@id\":\"https:\/\/richmondclinicbrussels.be\/behandelingen\/hifu\/#breadcrumb\"},\"inLanguage\":\"fr-BE\",\"potentialAction\":[{\"@type\":\"ReadAction\",\"target\":[\"https:\/\/richmondclinicbrussels.be\/behandelingen\/hifu\/\"]}]},{\"@type\":\"BreadcrumbList\",\"@id\":\"https:\/\/richmondclinicbrussels.be\/behandelingen\/hifu\/#breadcrumb\",\"itemListElement\":[{\"@type\":\"ListItem\",\"position\":1,\"name\":\"Home\",\"item\":\"https:\/\/richmondclinicbrussels.be\/\"},{\"@type\":\"ListItem\",\"position\":2,\"name\":\"BEHANDELINGEN\",\"item\":\"https:\/\/richmondclinicbrussels.be\/behandelingen\/\"},{\"@type\":\"ListItem\",\"position\":3,\"name\":\"HIFU\"}]},{\"@type\":\"WebSite\",\"@id\":\"https:\/\/richmondclinicbrussels.be\/#website\",\"url\":\"https:\/\/richmondclinicbrussels.be\/\",\"name\":\"Laser\",\"description\":\"Richmond Kliniek Brussel\",\"publisher\":{\"@id\":\"https:\/\/richmondclinicbrussels.be\/#organization\"},\"potentialAction\":[{\"@type\":\"SearchAction\",\"target\":{\"@type\":\"EntryPoint\",\"urlTemplate\":\"https:\/\/richmondclinicbrussels.be\/?s={search_term_string}\"},\"query-input\":{\"@type\":\"PropertyValueSpecification\",\"valueRequired\":true,\"valueName\":\"search_term_string\"}}],\"inLanguage\":\"fr-BE\"},{\"@type\":\"Organization\",\"@id\":\"https:\/\/richmondclinicbrussels.be\/#organization\",\"name\":\"Laser\",\"url\":\"https:\/\/richmondclinicbrussels.be\/\",\"logo\":{\"@type\":\"ImageObject\",\"inLanguage\":\"fr-BE\",\"@id\":\"https:\/\/richmondclinicbrussels.be\/#\/schema\/logo\/image\/\",\"url\":\"https:\/\/richmondclinicbrussels.be\/wp-content\/uploads\/2025\/10\/logo.png\",\"contentUrl\":\"https:\/\/richmondclinicbrussels.be\/wp-content\/uploads\/2025\/10\/logo.png\",\"width\":197,\"height\":110,\"caption\":\"Laser\"},\"image\":{\"@id\":\"https:\/\/richmondclinicbrussels.be\/#\/schema\/logo\/image\/\"}}]}<\/script>\n<!-- \/ Yoast SEO plugin. -->","yoast_head_json":{"title":"HIFU Brussel \u2013 Niet-Chirurgische Huidverstrakking","description":"Ontdek HIFU Brussel bij Richmond Clinic Brussels. Lift en verstrak je huid zonder chirurgie voor een jonger, strakker en stralender uiterlijk.","robots":{"index":"index","follow":"follow","max-snippet":"max-snippet:-1","max-image-preview":"max-image-preview:large","max-video-preview":"max-video-preview:-1"},"canonical":"https:\/\/richmondclinicbrussels.be\/fr\/behandelingen\/hifu\/","og_locale":"fr_FR","og_type":"article","og_title":"HIFU Brussel \u2013 Niet-Chirurgische Huidverstrakking","og_description":"Ontdek HIFU Brussel bij Richmond Clinic Brussels. Lift en verstrak je huid zonder chirurgie voor een jonger, strakker en stralender uiterlijk.","og_url":"https:\/\/richmondclinicbrussels.be\/fr\/behandelingen\/hifu\/","og_site_name":"Laser","article_modified_time":"2025-11-10T11:51:06+00:00","twitter_card":"summary_large_image","twitter_misc":{"Dur\u00e9e de lecture est.":"1 minute"},"schema":{"@context":"https:\/\/schema.org","@graph":[{"@type":"WebPage","@id":"https:\/\/richmondclinicbrussels.be\/behandelingen\/hifu\/","url":"https:\/\/richmondclinicbrussels.be\/behandelingen\/hifu\/","name":"HIFU Brussel \u2013 Niet-Chirurgische Huidverstrakking","isPartOf":{"@id":"https:\/\/richmondclinicbrussels.be\/#website"},"datePublished":"2025-10-10T07:40:32+00:00","dateModified":"2025-11-10T11:51:06+00:00","description":"Ontdek HIFU Brussel bij Richmond Clinic Brussels. Lift en verstrak je huid zonder chirurgie voor een jonger, strakker en stralender uiterlijk.","breadcrumb":{"@id":"https:\/\/richmondclinicbrussels.be\/behandelingen\/hifu\/#breadcrumb"},"inLanguage":"fr-BE","potentialAction":[{"@type":"ReadAction","target":["https:\/\/richmondclinicbrussels.be\/behandelingen\/hifu\/"]}]},{"@type":"BreadcrumbList","@id":"https:\/\/richmondclinicbrussels.be\/behandelingen\/hifu\/#breadcrumb","itemListElement":[{"@type":"ListItem","position":1,"name":"Home","item":"https:\/\/richmondclinicbrussels.be\/"},{"@type":"ListItem","position":2,"name":"BEHANDELINGEN","item":"https:\/\/richmondclinicbrussels.be\/behandelingen\/"},{"@type":"ListItem","position":3,"name":"HIFU"}]},{"@type":"WebSite","@id":"https:\/\/richmondclinicbrussels.be\/#website","url":"https:\/\/richmondclinicbrussels.be\/","name":"Laser","description":"Richmond Kliniek Brussel","publisher":{"@id":"https:\/\/richmondclinicbrussels.be\/#organization"},"potentialAction":[{"@type":"SearchAction","target":{"@type":"EntryPoint","urlTemplate":"https:\/\/richmondclinicbrussels.be\/?s={search_term_string}"},"query-input":{"@type":"PropertyValueSpecification","valueRequired":true,"valueName":"search_term_string"}}],"inLanguage":"fr-BE"},{"@type":"Organization","@id":"https:\/\/richmondclinicbrussels.be\/#organization","name":"Laser","url":"https:\/\/richmondclinicbrussels.be\/","logo":{"@type":"ImageObject","inLanguage":"fr-BE","@id":"https:\/\/richmondclinicbrussels.be\/#\/schema\/logo\/image\/","url":"https:\/\/richmondclinicbrussels.be\/wp-content\/uploads\/2025\/10\/logo.png","contentUrl":"https:\/\/richmondclinicbrussels.be\/wp-content\/uploads\/2025\/10\/logo.png","width":197,"height":110,"caption":"Laser"},"image":{"@id":"https:\/\/richmondclinicbrussels.be\/#\/schema\/logo\/image\/"}}]}},"_links":{"self":[{"href":"https:\/\/richmondclinicbrussels.be\/fr\/wp-json\/wp\/v2\/pages\/703","targetHints":{"allow":["GET"]}}],"collection":[{"href":"https:\/\/richmondclinicbrussels.be\/fr\/wp-json\/wp\/v2\/pages"}],"about":[{"href":"https:\/\/richmondclinicbrussels.be\/fr\/wp-json\/wp\/v2\/types\/page"}],"author":[{"embeddable":true,"href":"https:\/\/richmondclinicbrussels.be\/fr\/wp-json\/wp\/v2\/users\/1"}],"replies":[{"embeddable":true,"href":"https:\/\/richmondclinicbrussels.be\/fr\/wp-json\/wp\/v2\/comments?post=703"}],"version-history":[{"count":1,"href":"https:\/\/richmondclinicbrussels.be\/fr\/wp-json\/wp\/v2\/pages\/703\/revisions"}],"predecessor-version":[{"id":1656,"href":"https:\/\/richmondclinicbrussels.be\/fr\/wp-json\/wp\/v2\/pages\/703\/revisions\/1656"}],"up":[{"embeddable":true,"href":"https:\/\/richmondclinicbrussels.be\/fr\/wp-json\/wp\/v2\/pages\/15"}],"wp:attachment":[{"href":"https:\/\/richmondclinicbrussels.be\/fr\/wp-json\/wp\/v2\/media?parent=703"}],"curies":[{"name":"wp","href":"https:\/\/api.w.org\/{rel}","templated":true}]}}