{"id":13,"date":"2025-10-03T06:04:39","date_gmt":"2025-10-03T06:04:39","guid":{"rendered":"https:\/\/richmondclinicbrussels.be\/?page_id=13"},"modified":"2025-10-29T14:45:38","modified_gmt":"2025-10-29T14:45:38","slug":"over-ons","status":"publish","type":"page","link":"https:\/\/richmondclinicbrussels.be\/fr\/over-ons\/","title":{"rendered":"\u00c0 PROPOS"},"content":{"rendered":"<div data-elementor-type=\"wp-page\" data-elementor-id=\"13\" class=\"elementor elementor-13\" data-elementor-settings=\"{&quot;element_pack_global_tooltip_width&quot;:{&quot;unit&quot;:&quot;px&quot;,&quot;size&quot;:&quot;&quot;,&quot;sizes&quot;:[]},&quot;element_pack_global_tooltip_width_tablet&quot;:{&quot;unit&quot;:&quot;px&quot;,&quot;size&quot;:&quot;&quot;,&quot;sizes&quot;:[]},&quot;element_pack_global_tooltip_width_mobile&quot;:{&quot;unit&quot;:&quot;px&quot;,&quot;size&quot;:&quot;&quot;,&quot;sizes&quot;:[]},&quot;element_pack_global_tooltip_padding&quot;:{&quot;unit&quot;:&quot;px&quot;,&quot;top&quot;:&quot;&quot;,&quot;right&quot;:&quot;&quot;,&quot;bottom&quot;:&quot;&quot;,&quot;left&quot;:&quot;&quot;,&quot;isLinked&quot;:true},&quot;element_pack_global_tooltip_padding_tablet&quot;:{&quot;unit&quot;:&quot;px&quot;,&quot;top&quot;:&quot;&quot;,&quot;right&quot;:&quot;&quot;,&quot;bottom&quot;:&quot;&quot;,&quot;left&quot;:&quot;&quot;,&quot;isLinked&quot;:true},&quot;element_pack_global_tooltip_padding_mobile&quot;:{&quot;unit&quot;:&quot;px&quot;,&quot;top&quot;:&quot;&quot;,&quot;right&quot;:&quot;&quot;,&quot;bottom&quot;:&quot;&quot;,&quot;left&quot;:&quot;&quot;,&quot;isLinked&quot;:true},&quot;element_pack_global_tooltip_border_radius&quot;:{&quot;unit&quot;:&quot;px&quot;,&quot;top&quot;:&quot;&quot;,&quot;right&quot;:&quot;&quot;,&quot;bottom&quot;:&quot;&quot;,&quot;left&quot;:&quot;&quot;,&quot;isLinked&quot;:true},&quot;element_pack_global_tooltip_border_radius_tablet&quot;:{&quot;unit&quot;:&quot;px&quot;,&quot;top&quot;:&quot;&quot;,&quot;right&quot;:&quot;&quot;,&quot;bottom&quot;:&quot;&quot;,&quot;left&quot;:&quot;&quot;,&quot;isLinked&quot;:true},&quot;element_pack_global_tooltip_border_radius_mobile&quot;:{&quot;unit&quot;:&quot;px&quot;,&quot;top&quot;:&quot;&quot;,&quot;right&quot;:&quot;&quot;,&quot;bottom&quot;:&quot;&quot;,&quot;left&quot;:&quot;&quot;,&quot;isLinked&quot;:true}}\" data-elementor-post-type=\"page\">\n\t\t\t\t\t\t<section class=\"elementor-section elementor-top-section elementor-element elementor-element-deca1bd elementor-section-boxed elementor-section-height-default elementor-section-height-default\" data-id=\"deca1bd\" data-element_type=\"section\">\n\t\t\t\t\t\t<div class=\"elementor-container elementor-column-gap-default\">\n\t\t\t\t\t<div class=\"elementor-column elementor-col-100 elementor-top-column elementor-element elementor-element-3f4a665\" data-id=\"3f4a665\" data-element_type=\"column\">\n\t\t\t<div class=\"elementor-widget-wrap elementor-element-populated\">\n\t\t\t\t\t\t<section class=\"elementor-section elementor-inner-section elementor-element elementor-element-8be4b63 elementor-section-boxed elementor-section-height-default elementor-section-height-default\" data-id=\"8be4b63\" data-element_type=\"section\">\n\t\t\t\t\t\t<div class=\"elementor-container elementor-column-gap-default\">\n\t\t\t\t\t<div class=\"elementor-column elementor-col-50 elementor-inner-column elementor-element elementor-element-ec1ef2d\" data-id=\"ec1ef2d\" data-element_type=\"column\">\n\t\t\t<div class=\"elementor-widget-wrap elementor-element-populated\">\n\t\t\t\t\t\t<div class=\"elementor-element elementor-element-0ad4d3a elementor-invisible elementor-widget elementor-widget-heading\" data-id=\"0ad4d3a\" data-element_type=\"widget\" data-settings=\"{&quot;_animation&quot;:&quot;fadeIn&quot;,&quot;_animation_delay&quot;:0}\" data-widget_type=\"heading.default\">\n\t\t\t\t\t<h2 class=\"elementor-heading-title elementor-size-default\">Qui sommes-nous ?\n<\/h2>\t\t\t\t<\/div>\n\t\t\t\t<div class=\"elementor-element elementor-element-cbd7c68 elementor-invisible elementor-widget elementor-widget-text-editor\" data-id=\"cbd7c68\" data-element_type=\"widget\" data-settings=\"{&quot;_animation&quot;:&quot;zoomIn&quot;,&quot;_animation_delay&quot;:1000}\" data-widget_type=\"text-editor.default\">\n\t\t\t\t\t\t\t\t\t<p data-start=\"365\" data-end=\"406\"><strong data-start=\"365\" data-end=\"404\">VOTRE CLINIQUE ESTH\u00c9TIQUE DE R\u00c9F\u00c9RENCE<\/strong><\/p>\n<p data-start=\"408\" data-end=\"548\" class=\"translation-block\">Bienvenue \u00e0 Richmond Clinic Brussels, la clinique esth\u00e9tique de Koekelberg o\u00f9 l\u2019art du soin, l\u2019\u00e9l\u00e9gance et l\u2019excellence des r\u00e9sultats s\u2019unissent pour r\u00e9v\u00e9ler votre beaut\u00e9.<\/p>\n<p data-start=\"550\" data-end=\"721\" class=\"translation-block\">Chez nous, vous b\u00e9n\u00e9ficiez d\u2019un large \u00e9ventail de soins esth\u00e9tiques professionnels, alliant qualit\u00e9, expertise et satisfaction garantie.<\/p>\n<p data-start=\"723\" data-end=\"1007\" class=\"translation-block\">Nos sp\u00e9cialit\u00e9s incluent notamment le HIFU, l\u2019\u00e9pilation au laser, le Botox, le PRP, les peelings m\u00e9dicaux et le microneedling.\nChaque client est au c\u0153ur de nos priorit\u00e9s \u2014 nous proposons des traitements sur mesure, parfaitement adapt\u00e9s \u00e0 votre peau, \u00e0 vos besoins et \u00e0 votre beaut\u00e9 unique.<\/p>\n<p data-start=\"1009\" data-end=\"1218\" class=\"translation-block\">La fondatrice Cindy travaille exclusivement avec des produits haut de gamme issus de marques renomm\u00e9es telles qu\u2019AlumierMD, afin de vous garantir des r\u00e9sultats optimaux et une peau \u00e9clatante de sant\u00e9.<\/p>\n<p data-start=\"1220\" data-end=\"1344\" class=\"translation-block\">\ud83d\udc9b Pratique : vous pouvez vous garer gratuitement devant la porte.\nLe paiement s\u2019effectue facilement par Bancontact, Visa ou MasterCard.<\/p>\t\t\t\t\t\t\t\t<\/div>\n\t\t\t\t\t<\/div>\n\t\t<\/div>\n\t\t\t\t<div class=\"elementor-column elementor-col-50 elementor-inner-column elementor-element elementor-element-4fe13f7\" data-id=\"4fe13f7\" data-element_type=\"column\">\n\t\t\t<div class=\"elementor-widget-wrap elementor-element-populated\">\n\t\t\t\t\t\t<div class=\"elementor-element elementor-element-f50b98f bdt-image-hover-effect-wrap bdt-image-hover-effect-1 elementor-widget elementor-widget-image\" data-id=\"f50b98f\" data-element_type=\"widget\" data-widget_type=\"image.default\">\n\t\t\t\t\t\t\t\t\t\t\t\t\t\t\t<img fetchpriority=\"high\" decoding=\"async\" width=\"586\" height=\"720\" src=\"https:\/\/richmondclinicbrussels.be\/wp-content\/uploads\/2025\/10\/LaserskinPerfection_Wiewijzijn.png\" class=\"attachment-large size-large wp-image-1014\" alt=\"\" srcset=\"https:\/\/richmondclinicbrussels.be\/wp-content\/uploads\/2025\/10\/LaserskinPerfection_Wiewijzijn.png 586w, https:\/\/richmondclinicbrussels.be\/wp-content\/uploads\/2025\/10\/LaserskinPerfection_Wiewijzijn-244x300.png 244w\" sizes=\"(max-width: 586px) 100vw, 586px\" \/>\t\t\t\t\t\t\t\t\t\t\t\t\t\t\t<\/div>\n\t\t\t\t\t<\/div>\n\t\t<\/div>\n\t\t\t\t\t<\/div>\n\t\t<\/section>\n\t\t\t\t\t<\/div>\n\t\t<\/div>\n\t\t\t\t\t<\/div>\n\t\t<\/section>\n\t\t\t\t<\/div>","protected":false},"excerpt":{"rendered":"<p>Wie zijn wij? UW NUMMER \u00c9\u00c9N ESTHETISCHE KLINIEK | Welkom bij Richmond Clinic Brussels, de esthetische kliniek in Koekelberg waar verzorging, verfijning en resultaat samenkomen. Bij ons bent u aan het juiste adres voor een breed aanbod aan professionele esthetische behandelingen, met garantie op kwaliteit, expertise en klanttevredenheid. Onze specialisaties omvatten onder andere HIFU, laserontharing, [&hellip;]<\/p>","protected":false},"author":1,"featured_media":0,"parent":0,"menu_order":0,"comment_status":"closed","ping_status":"closed","template":"","meta":{"footnotes":""},"class_list":["post-13","page","type-page","status-publish","hentry"],"yoast_head":"<!-- This site is optimized with the Yoast SEO plugin v26.3 - https:\/\/yoast.com\/wordpress\/plugins\/seo\/ -->\n<title>OVER ONS - Laser<\/title>\n<meta name=\"robots\" content=\"index, follow, max-snippet:-1, max-image-preview:large, max-video-preview:-1\" \/>\n<link rel=\"canonical\" href=\"https:\/\/richmondclinicbrussels.be\/fr\/over-ons\/\" \/>\n<meta property=\"og:locale\" content=\"fr_FR\" \/>\n<meta property=\"og:type\" content=\"article\" \/>\n<meta property=\"og:title\" content=\"OVER ONS - Laser\" \/>\n<meta property=\"og:description\" content=\"Wie zijn wij? UW NUMMER \u00c9\u00c9N ESTHETISCHE KLINIEK | Welkom bij Richmond Clinic Brussels, de esthetische kliniek in Koekelberg waar verzorging, verfijning en resultaat samenkomen. Bij ons bent u aan het juiste adres voor een breed aanbod aan professionele esthetische behandelingen, met garantie op kwaliteit, expertise en klanttevredenheid. Onze specialisaties omvatten onder andere HIFU, laserontharing, [&hellip;]\" \/>\n<meta property=\"og:url\" content=\"https:\/\/richmondclinicbrussels.be\/fr\/over-ons\/\" \/>\n<meta property=\"og:site_name\" content=\"Laser\" \/>\n<meta property=\"article:modified_time\" content=\"2025-10-29T14:45:38+00:00\" \/>\n<meta property=\"og:image\" content=\"https:\/\/s.w.org\/images\/core\/emoji\/16.0.1\/svg\/1f49b.svg\" \/>\n<meta name=\"twitter:card\" content=\"summary_large_image\" \/>\n<meta name=\"twitter:label1\" content=\"Dur\u00e9e de lecture est.\" \/>\n\t<meta name=\"twitter:data1\" content=\"1 minute\" \/>\n<script type=\"application\/ld+json\" class=\"yoast-schema-graph\">{\"@context\":\"https:\/\/schema.org\",\"@graph\":[{\"@type\":\"WebPage\",\"@id\":\"https:\/\/richmondclinicbrussels.be\/over-ons\/\",\"url\":\"https:\/\/richmondclinicbrussels.be\/over-ons\/\",\"name\":\"OVER ONS - Laser\",\"isPartOf\":{\"@id\":\"https:\/\/richmondclinicbrussels.be\/#website\"},\"primaryImageOfPage\":{\"@id\":\"https:\/\/richmondclinicbrussels.be\/over-ons\/#primaryimage\"},\"image\":{\"@id\":\"https:\/\/richmondclinicbrussels.be\/over-ons\/#primaryimage\"},\"thumbnailUrl\":\"https:\/\/s.w.org\/images\/core\/emoji\/16.0.1\/svg\/1f49b.svg\",\"datePublished\":\"2025-10-03T06:04:39+00:00\",\"dateModified\":\"2025-10-29T14:45:38+00:00\",\"breadcrumb\":{\"@id\":\"https:\/\/richmondclinicbrussels.be\/over-ons\/#breadcrumb\"},\"inLanguage\":\"fr-BE\",\"potentialAction\":[{\"@type\":\"ReadAction\",\"target\":[\"https:\/\/richmondclinicbrussels.be\/over-ons\/\"]}]},{\"@type\":\"ImageObject\",\"inLanguage\":\"fr-BE\",\"@id\":\"https:\/\/richmondclinicbrussels.be\/over-ons\/#primaryimage\",\"url\":\"https:\/\/s.w.org\/images\/core\/emoji\/16.0.1\/svg\/1f49b.svg\",\"contentUrl\":\"https:\/\/s.w.org\/images\/core\/emoji\/16.0.1\/svg\/1f49b.svg\"},{\"@type\":\"BreadcrumbList\",\"@id\":\"https:\/\/richmondclinicbrussels.be\/over-ons\/#breadcrumb\",\"itemListElement\":[{\"@type\":\"ListItem\",\"position\":1,\"name\":\"Home\",\"item\":\"https:\/\/richmondclinicbrussels.be\/\"},{\"@type\":\"ListItem\",\"position\":2,\"name\":\"OVER ONS\"}]},{\"@type\":\"WebSite\",\"@id\":\"https:\/\/richmondclinicbrussels.be\/#website\",\"url\":\"https:\/\/richmondclinicbrussels.be\/\",\"name\":\"Laser\",\"description\":\"Richmond Kliniek Brussel\",\"publisher\":{\"@id\":\"https:\/\/richmondclinicbrussels.be\/#organization\"},\"potentialAction\":[{\"@type\":\"SearchAction\",\"target\":{\"@type\":\"EntryPoint\",\"urlTemplate\":\"https:\/\/richmondclinicbrussels.be\/?s={search_term_string}\"},\"query-input\":{\"@type\":\"PropertyValueSpecification\",\"valueRequired\":true,\"valueName\":\"search_term_string\"}}],\"inLanguage\":\"fr-BE\"},{\"@type\":\"Organization\",\"@id\":\"https:\/\/richmondclinicbrussels.be\/#organization\",\"name\":\"Laser\",\"url\":\"https:\/\/richmondclinicbrussels.be\/\",\"logo\":{\"@type\":\"ImageObject\",\"inLanguage\":\"fr-BE\",\"@id\":\"https:\/\/richmondclinicbrussels.be\/#\/schema\/logo\/image\/\",\"url\":\"https:\/\/richmondclinicbrussels.be\/wp-content\/uploads\/2025\/10\/logo.png\",\"contentUrl\":\"https:\/\/richmondclinicbrussels.be\/wp-content\/uploads\/2025\/10\/logo.png\",\"width\":197,\"height\":110,\"caption\":\"Laser\"},\"image\":{\"@id\":\"https:\/\/richmondclinicbrussels.be\/#\/schema\/logo\/image\/\"}}]}<\/script>\n<!-- \/ Yoast SEO plugin. -->","yoast_head_json":{"title":"OVER ONS - Laser","robots":{"index":"index","follow":"follow","max-snippet":"max-snippet:-1","max-image-preview":"max-image-preview:large","max-video-preview":"max-video-preview:-1"},"canonical":"https:\/\/richmondclinicbrussels.be\/fr\/over-ons\/","og_locale":"fr_FR","og_type":"article","og_title":"OVER ONS - Laser","og_description":"Wie zijn wij? UW NUMMER \u00c9\u00c9N ESTHETISCHE KLINIEK | Welkom bij Richmond Clinic Brussels, de esthetische kliniek in Koekelberg waar verzorging, verfijning en resultaat samenkomen. Bij ons bent u aan het juiste adres voor een breed aanbod aan professionele esthetische behandelingen, met garantie op kwaliteit, expertise en klanttevredenheid. Onze specialisaties omvatten onder andere HIFU, laserontharing, [&hellip;]","og_url":"https:\/\/richmondclinicbrussels.be\/fr\/over-ons\/","og_site_name":"Laser","article_modified_time":"2025-10-29T14:45:38+00:00","og_image":[{"url":"https:\/\/s.w.org\/images\/core\/emoji\/16.0.1\/svg\/1f49b.svg","type":"","width":"","height":""}],"twitter_card":"summary_large_image","twitter_misc":{"Dur\u00e9e de lecture est.":"1 minute"},"schema":{"@context":"https:\/\/schema.org","@graph":[{"@type":"WebPage","@id":"https:\/\/richmondclinicbrussels.be\/over-ons\/","url":"https:\/\/richmondclinicbrussels.be\/over-ons\/","name":"OVER ONS - Laser","isPartOf":{"@id":"https:\/\/richmondclinicbrussels.be\/#website"},"primaryImageOfPage":{"@id":"https:\/\/richmondclinicbrussels.be\/over-ons\/#primaryimage"},"image":{"@id":"https:\/\/richmondclinicbrussels.be\/over-ons\/#primaryimage"},"thumbnailUrl":"https:\/\/s.w.org\/images\/core\/emoji\/16.0.1\/svg\/1f49b.svg","datePublished":"2025-10-03T06:04:39+00:00","dateModified":"2025-10-29T14:45:38+00:00","breadcrumb":{"@id":"https:\/\/richmondclinicbrussels.be\/over-ons\/#breadcrumb"},"inLanguage":"fr-BE","potentialAction":[{"@type":"ReadAction","target":["https:\/\/richmondclinicbrussels.be\/over-ons\/"]}]},{"@type":"ImageObject","inLanguage":"fr-BE","@id":"https:\/\/richmondclinicbrussels.be\/over-ons\/#primaryimage","url":"https:\/\/s.w.org\/images\/core\/emoji\/16.0.1\/svg\/1f49b.svg","contentUrl":"https:\/\/s.w.org\/images\/core\/emoji\/16.0.1\/svg\/1f49b.svg"},{"@type":"BreadcrumbList","@id":"https:\/\/richmondclinicbrussels.be\/over-ons\/#breadcrumb","itemListElement":[{"@type":"ListItem","position":1,"name":"Home","item":"https:\/\/richmondclinicbrussels.be\/"},{"@type":"ListItem","position":2,"name":"OVER ONS"}]},{"@type":"WebSite","@id":"https:\/\/richmondclinicbrussels.be\/#website","url":"https:\/\/richmondclinicbrussels.be\/","name":"Laser","description":"Richmond Kliniek Brussel","publisher":{"@id":"https:\/\/richmondclinicbrussels.be\/#organization"},"potentialAction":[{"@type":"SearchAction","target":{"@type":"EntryPoint","urlTemplate":"https:\/\/richmondclinicbrussels.be\/?s={search_term_string}"},"query-input":{"@type":"PropertyValueSpecification","valueRequired":true,"valueName":"search_term_string"}}],"inLanguage":"fr-BE"},{"@type":"Organization","@id":"https:\/\/richmondclinicbrussels.be\/#organization","name":"Laser","url":"https:\/\/richmondclinicbrussels.be\/","logo":{"@type":"ImageObject","inLanguage":"fr-BE","@id":"https:\/\/richmondclinicbrussels.be\/#\/schema\/logo\/image\/","url":"https:\/\/richmondclinicbrussels.be\/wp-content\/uploads\/2025\/10\/logo.png","contentUrl":"https:\/\/richmondclinicbrussels.be\/wp-content\/uploads\/2025\/10\/logo.png","width":197,"height":110,"caption":"Laser"},"image":{"@id":"https:\/\/richmondclinicbrussels.be\/#\/schema\/logo\/image\/"}}]}},"_links":{"self":[{"href":"https:\/\/richmondclinicbrussels.be\/fr\/wp-json\/wp\/v2\/pages\/13","targetHints":{"allow":["GET"]}}],"collection":[{"href":"https:\/\/richmondclinicbrussels.be\/fr\/wp-json\/wp\/v2\/pages"}],"about":[{"href":"https:\/\/richmondclinicbrussels.be\/fr\/wp-json\/wp\/v2\/types\/page"}],"author":[{"embeddable":true,"href":"https:\/\/richmondclinicbrussels.be\/fr\/wp-json\/wp\/v2\/users\/1"}],"replies":[{"embeddable":true,"href":"https:\/\/richmondclinicbrussels.be\/fr\/wp-json\/wp\/v2\/comments?post=13"}],"version-history":[{"count":0,"href":"https:\/\/richmondclinicbrussels.be\/fr\/wp-json\/wp\/v2\/pages\/13\/revisions"}],"wp:attachment":[{"href":"https:\/\/richmondclinicbrussels.be\/fr\/wp-json\/wp\/v2\/media?parent=13"}],"curies":[{"name":"wp","href":"https:\/\/api.w.org\/{rel}","templated":true}]}}